{"id":1358,"date":"2018-02-21T13:53:28","date_gmt":"2018-02-21T12:53:28","guid":{"rendered":"https:\/\/www.institut-solidaris.be\/?page_id=1358"},"modified":"2019-12-16T11:04:26","modified_gmt":"2019-12-16T10:04:26","slug":"belgique2018","status":"publish","type":"page","link":"https:\/\/www.institut-solidaris.be\/index.php\/belgique2018\/","title":{"rendered":"Belgique 2018"},"content":{"rendered":"<div class=\"fusion-fullwidth fullwidth-box fusion-builder-row-1 nonhundred-percent-fullwidth non-hundred-percent-height-scrolling\" style=\"--awb-background-position:left top;--awb-border-radius-top-left:0px;--awb-border-radius-top-right:0px;--awb-border-radius-bottom-right:0px;--awb-border-radius-bottom-left:0px;--awb-padding-top:20px;--awb-padding-bottom:20px;--awb-border-sizes-top:0px;--awb-border-sizes-bottom:0px;--awb-flex-wrap:wrap;\" ><div class=\"fusion-builder-row fusion-row\"><div class=\"fusion-layout-column fusion_builder_column fusion-builder-column-0 fusion_builder_column_1_2 1_2 fusion-one-half fusion-column-first\" style=\"--awb-bg-size:cover;width:48%; margin-right: 4%;\"><div class=\"fusion-column-wrapper fusion-flex-column-wrapper-legacy\"><div class=\"fusion-slider-sc fusion-flexslider-loading flexslider flexslider-hover-type-none\" data-slideshow_autoplay=\"1\" data-slideshow_smooth_height=\"0\" data-slideshow_speed=\"7000\" style=\"max-width:100%;height:100%;\"><ul class=\"slides\"><li class=\"video\"><div class=\"full-video\"><div class=\"fusion-video fusion-youtube\" style=\"--awb-max-width:600px;--awb-max-height:350px;\"><div class=\"video-shortcode\"><div class=\"fluid-width-video-wrapper\" style=\"padding-top:58.33%;\" ><iframe title=\"YouTube video player 1\" src=\"https:\/\/www.youtube.com\/embed\/ly1_UdpLrxQ?wmode=transparent&autoplay=0\" width=\"600\" height=\"350\" allowfullscreen allow=\"autoplay; clipboard-write; encrypted-media; gyroscope; picture-in-picture;\"><\/iframe><\/div><\/div><\/div><\/div><\/li><li class=\"image\"><span class=\"fusion-image-hover-element hover-type-none\"><img decoding=\"async\" src=\"https:\/\/www.institut-solidaris.be\/wp-content\/uploads\/2018\/02\/ImageCarousel_InfoSante_600x350_BaroCB_2018.jpg\" width=\"600\" height=\"350\" \/><\/span><\/li><\/ul><\/div><div class=\"fusion-clearfix\"><\/div><\/div><\/div><div class=\"fusion-layout-column fusion_builder_column fusion-builder-column-1 fusion_builder_column_1_2 1_2 fusion-one-half fusion-column-last\" style=\"--awb-bg-size:cover;width:48%;\"><div class=\"fusion-column-wrapper fusion-flex-column-wrapper-legacy\"><div class=\"fusion-text fusion-text-1\"><h2 style=\"text-align: justify;\"><strong>Un indice en recul et des \u00e9carts de plus en plus in\u00e9galitaires<\/strong><\/h2>\n<p>Pour sa 3<sup>\u00e8me<\/sup> \u00e9dition annuelle, le <em>Barom\u00e8tre Confiance &amp; Bien-\u00eatre<\/em> a interrog\u00e9 1057 personnes en septembre 2017. R\u00e9sultant d\u2019une batterie de plus de 200 questions, l\u2019indice \u2013 cr\u00e9\u00e9 par Solidaris \u2013 affiche une <strong>baisse significative de 2,1 points en deux ans.<\/strong><\/p>\n<p>Derri\u00e8re cette moyenne se cachent des \u00e9carts bien plus marqu\u00e9s\u00a0\u2026 et qui augmentent, traduisant statistiquement une r\u00e9alit\u00e9 soci\u00e9tale cruellement d\u2019actualit\u00e9\u00a0: <strong>\u00ab\u00a0les riches de plus en plus riches, les pauvres de plus en plus pauvres\u00a0\u00bb<\/strong>\u00a0<strong>!<\/strong> Quant \u00e0 l\u2019analyse par genre, elle t\u00e9moigne d\u2019un accroissement incontestable des in\u00e9galit\u00e9s entre les hommes et les femmes.<\/p>\n<p>Au niveau des cinq sous-indices point\u00e9s, seul <em>\u00ab\u00a0la qualit\u00e9 du relationnel\u00a0\u00bb<\/em> est en augmentation, signe que <strong>le facteur \u00ab\u00a0humain\u00a0\u00bb r\u00e9siste bien malgr\u00e9 un contexte socio-\u00e9conomique visiblement difficile<\/strong>. Ainsi, entre 2015 et 2017, les <em>\u00ab\u00a0conditions de vie\u00a0\u00bb <\/em>ont recul\u00e9<em>, \u00e0 l\u2019instar de l\u2019\u00ab\u00a0Image de soi\u00a0\u00bb, la \u00ab\u00a0sant\u00e9 psy\u00a0\u00bb et la \u00ab\u00a0sant\u00e9 physique\u00a0\u00bb qui<\/em> se d\u00e9t\u00e9riorent \u00e9galement. Le \u00ab\u00a0<em>rapport \u00e0 la soci\u00e9t\u00e9\u00a0\u00bb<\/em> reste quant \u00e0 lui stable mais constitue toujours le sous-indice qui se positionne le plus bas.<\/p>\n<p>A la crois\u00e9e des chemins entre les rapports humains et le rapport \u00e0 la soci\u00e9t\u00e9, on retrouve la question de la confiance envers des individus (famille, amis, m\u00e9decin g\u00e9n\u00e9raliste, etc.) et des organisations ou institutions. Les r\u00e9sultats t\u00e9moignent ici d\u2019une horizontalit\u00e9 croissante, <strong>avec une confiance qui se renforce vis-\u00e0-vis des humains proches et un rejet toujours plus grand des institutions<\/strong>, <strong>notamment politiques.<\/strong><\/p>\n<p>Enfin, de nouvelles questions sur l\u2019Europe et sur l\u2019identit\u00e9 ont \u00e9t\u00e9 pos\u00e9es au sein de cette 3<sup>\u00e8me<\/sup> \u00e9dition du barom\u00e8tre. Les principaux r\u00e9sultats sont particuli\u00e8rement interpellants, notamment dans le rapport \u00e0 l\u2019Europe, \u00a0dont l\u2019image est loin d\u2019\u00eatre positive au sein de la population.<\/p>\n<p style=\"text-align: justify;\"><span style=\"color: #333333;\"><strong>\u00a0<a href=\"https:\/\/www.institut-solidaris.be\/wp-content\/uploads\/2017\/02\/BaroBELV1.pdf\" target=\"_blank\" rel=\"noopener noreferrer\"><img decoding=\"async\" class=\"alignnone wp-image-112 size-full\" src=\"https:\/\/www.institut-solidaris.be\/wp-content\/uploads\/2015\/12\/icone-pdf.gif\" alt=\"Consulter notre enqu\u00eate\" width=\"32\" height=\"32\" \/><\/a><\/strong><a href=\"https:\/\/www.institut-solidaris.be\/wp-content\/uploads\/2018\/02\/BCBE2018_BEL_completlowdef.pdf\" target=\"_blank\" rel=\"noopener noreferrer\">Consulter l&rsquo;int\u00e9gralit\u00e9 de l&rsquo;enqu\u00eate<\/a><\/span><\/p>\n<p><span style=\"color: #333333;\"><strong><a href=\"https:\/\/www.institut-solidaris.be\/wp-content\/uploads\/2017\/02\/BaroBELV1.pdf\" target=\"_blank\" rel=\"noopener noreferrer\"><img decoding=\"async\" class=\"alignnone wp-image-112 size-full\" src=\"https:\/\/www.institut-solidaris.be\/wp-content\/uploads\/2015\/12\/icone-pdf.gif\" alt=\"Consulter notre enqu\u00eate\" width=\"32\" height=\"32\" \/><\/a><\/strong><a href=\"https:\/\/www.institut-solidaris.be\/wp-content\/uploads\/2018\/02\/BCBE2018_BE_synthese.pdf\" target=\"_blank\" rel=\"noopener noreferrer\">Consulter le r\u00e9sum\u00e9 de l&rsquo;enqu\u00eate<\/a><\/span><\/p>\n<\/div><div class=\"fusion-clearfix\"><\/div><\/div><\/div><div class=\"fusion-layout-column fusion_builder_column fusion-builder-column-2 fusion_builder_column_1_1 1_1 fusion-one-full fusion-column-first fusion-column-last fusion-column-no-min-height\" style=\"--awb-bg-size:cover;--awb-margin-bottom:0px;\"><div class=\"fusion-column-wrapper fusion-flex-column-wrapper-legacy\"><div class=\"fusion-title title fusion-title-1 fusion-title-text fusion-title-size-one\" style=\"--awb-margin-top-small:0px;--awb-margin-right-small:0px;--awb-margin-bottom-small:20px;--awb-margin-left-small:0px;\"><h1 class=\"fusion-title-heading title-heading-left\" style=\"margin:0;\"><h1 style=\"text-align: center;\"><strong>En chiffres<\/strong><\/h1><\/h1><span class=\"awb-title-spacer\"><\/span><div class=\"title-sep-container\"><div class=\"title-sep sep-double sep-solid\" style=\"border-color:#e0dede;\"><\/div><\/div><\/div><div class=\"fusion-clearfix\"><\/div><\/div><\/div><div class=\"fusion-layout-column fusion_builder_column fusion-builder-column-3 fusion_builder_column_1_2 1_2 fusion-one-half fusion-column-first\" style=\"--awb-bg-size:cover;width:48%; margin-right: 4%;\"><div class=\"fusion-column-wrapper fusion-flex-column-wrapper-legacy\"><div class=\"fusion-title title fusion-title-2 fusion-title-text fusion-title-size-one\" style=\"--awb-margin-top-small:0px;--awb-margin-right-small:0px;--awb-margin-bottom-small:20px;--awb-margin-left-small:0px;\"><h1 class=\"fusion-title-heading title-heading-left\" style=\"margin:0;\"><h2><strong>Les \u00e9carts<\/strong><\/h2><\/h1><span class=\"awb-title-spacer\"><\/span><div class=\"title-sep-container\"><div class=\"title-sep sep-double sep-solid\" style=\"border-color:#e0dede;\"><\/div><\/div><\/div><div class=\"fusion-text fusion-text-2\"><h4><strong>Evolution de l&rsquo;indice moyen entre 2015 et 2017 : &#8211; 2,1 point<\/strong><\/h4>\n<\/div><div class=\"fusion-progressbar\" style=\"--awb-textcolor:#000000;--awb-filledcolor:#b7b7b7;--awb-filledbordercolor:#b7b7b7;--awb-maximum-value-wrapper-width:44%;\"><div class=\"fusion-progressbar-bar progress-bar\"><div class=\"progress progress-bar-content not-animated\" role=\"progressbar\" aria-labelledby=\"awb-progressbar-label-1\" aria-valuemin=\"0\" aria-valuemax=\"100\" aria-valuenow=\"56\" data-filling-speed=\"600\"><span class=\"progress-title awb-on-bar\"><span class=\"fusion-progressbar-text\" id=\"awb-progressbar-label-1\">Indice moyen en 2015 :<\/span> <span class=\"fusion-progressbar-value\">56%<\/span><\/span><\/div><span class=\"awb-pb-max-value-wrap awb-on-bar\"><span class=\"awb-pb-max-value-text\"><\/span><\/span><\/div><\/div><div class=\"fusion-progressbar\" style=\"--awb-textcolor:#000000;--awb-filledcolor:#b7b7b7;--awb-filledbordercolor:#b7b7b7;--awb-maximum-value-wrapper-width:46%;\"><div class=\"fusion-progressbar-bar progress-bar\"><div class=\"progress progress-bar-content not-animated\" role=\"progressbar\" aria-labelledby=\"awb-progressbar-label-2\" aria-valuemin=\"0\" aria-valuemax=\"100\" aria-valuenow=\"54\" data-filling-speed=\"600\"><span class=\"progress-title awb-on-bar\"><span class=\"fusion-progressbar-text\" id=\"awb-progressbar-label-2\">Indice moyen en 2017 :<\/span> <span class=\"fusion-progressbar-value\">54%<\/span><\/span><\/div><span class=\"awb-pb-max-value-wrap awb-on-bar\"><span class=\"awb-pb-max-value-text\"><\/span><\/span><\/div><\/div><div class=\"fusion-text fusion-text-3\"><h4><strong>Indice moyen femmes VS hommes : 5,9 points d&rsquo;\u00e9cart<\/strong><\/h4>\n<\/div><div class=\"fusion-progressbar\" style=\"--awb-textcolor:#000000;--awb-filledcolor:#b7b7b7;--awb-filledbordercolor:#b7b7b7;--awb-maximum-value-wrapper-width:48%;\"><div class=\"fusion-progressbar-bar progress-bar\"><div class=\"progress progress-bar-content not-animated\" role=\"progressbar\" aria-labelledby=\"awb-progressbar-label-3\" aria-valuemin=\"0\" aria-valuemax=\"100\" aria-valuenow=\"52\" data-filling-speed=\"600\"><span class=\"progress-title awb-on-bar\"><span class=\"fusion-progressbar-text\" id=\"awb-progressbar-label-3\">indice femmes : <\/span> <span class=\"fusion-progressbar-value\">52%<\/span><\/span><\/div><span class=\"awb-pb-max-value-wrap awb-on-bar\"><span class=\"awb-pb-max-value-text\"><\/span><\/span><\/div><\/div><div class=\"fusion-progressbar\" style=\"--awb-textcolor:#000000;--awb-filledcolor:#b7b7b7;--awb-filledbordercolor:#b7b7b7;--awb-maximum-value-wrapper-width:42%;\"><div class=\"fusion-progressbar-bar progress-bar\"><div class=\"progress progress-bar-content not-animated\" role=\"progressbar\" aria-labelledby=\"awb-progressbar-label-4\" aria-valuemin=\"0\" aria-valuemax=\"100\" aria-valuenow=\"58\" data-filling-speed=\"600\"><span class=\"progress-title awb-on-bar\"><span class=\"fusion-progressbar-text\" id=\"awb-progressbar-label-4\">indice hommes :<\/span> <span class=\"fusion-progressbar-value\">58%<\/span><\/span><\/div><span class=\"awb-pb-max-value-wrap awb-on-bar\"><span class=\"awb-pb-max-value-text\"><\/span><\/span><\/div><\/div><div class=\"fusion-text fusion-text-4\"><h4><strong>Indice moyen 10% qui vont le mieux VS 10% qui vont le moins bien : 71 points d&rsquo;\u00e9cart<\/strong><\/h4>\n<\/div><div class=\"fusion-progressbar\" style=\"--awb-textcolor:#000000;--awb-filledcolor:#b7b7b7;--awb-unfilledcolor:#ffffff;--awb-filledbordercolor:#b7b7b7;--awb-maximum-value-wrapper-width:13%;\"><div class=\"fusion-progressbar-bar progress-bar\"><div class=\"progress progress-bar-content not-animated\" role=\"progressbar\" aria-labelledby=\"awb-progressbar-label-5\" aria-valuemin=\"0\" aria-valuemax=\"100\" aria-valuenow=\"87\" data-filling-speed=\"600\"><span class=\"progress-title awb-on-bar\"><span class=\"fusion-progressbar-text\" id=\"awb-progressbar-label-5\">indice des 10% qui vont le mieux :<\/span> <span class=\"fusion-progressbar-value\">87%<\/span><\/span><\/div><span class=\"awb-pb-max-value-wrap awb-on-bar\"><span class=\"awb-pb-max-value-text\"><\/span><\/span><\/div><\/div><div class=\"fusion-progressbar\" style=\"--awb-textcolor:#000000;--awb-filledcolor:#b7b7b7;--awb-unfilledcolor:#ffffff;--awb-filledbordercolor:#b7b7b7;--awb-maximum-value-wrapper-width:84%;\"><div class=\"fusion-progressbar-bar progress-bar\"><div class=\"progress progress-bar-content not-animated\" role=\"progressbar\" aria-labelledby=\"awb-progressbar-label-6\" aria-valuemin=\"0\" aria-valuemax=\"100\" aria-valuenow=\"16\" data-filling-speed=\"600\"><span class=\"progress-title awb-on-bar\"><span class=\"fusion-progressbar-text\" id=\"awb-progressbar-label-6\">Indice des 10% qui vont le moins bien :<\/span> <span class=\"fusion-progressbar-value\">16%<\/span><\/span><\/div><span class=\"awb-pb-max-value-wrap awb-on-bar\"><span class=\"awb-pb-max-value-text\"><\/span><\/span><\/div><\/div><div class=\"fusion-clearfix\"><\/div><\/div><\/div><div class=\"fusion-layout-column fusion_builder_column fusion-builder-column-4 fusion_builder_column_1_2 1_2 fusion-one-half fusion-column-last\" style=\"--awb-bg-size:cover;width:48%;\"><div class=\"fusion-column-wrapper fusion-flex-column-wrapper-legacy\"><div class=\"fusion-title title fusion-title-3 fusion-title-text fusion-title-size-one\" style=\"--awb-margin-top-small:0px;--awb-margin-right-small:0px;--awb-margin-bottom-small:20px;--awb-margin-left-small:0px;\"><h1 class=\"fusion-title-heading title-heading-left\" style=\"margin:0;\"><h2><strong>L&rsquo;Europe<\/strong><\/h2><\/h1><span class=\"awb-title-spacer\"><\/span><div class=\"title-sep-container\"><div class=\"title-sep sep-double sep-solid\" style=\"border-color:#e0dede;\"><\/div><\/div><\/div><div class=\"fusion-text fusion-text-5\"><h4><strong>L&rsquo; Europe nous prot\u00e8ge vraiment contre les effets n\u00e9gatifs de la mondialisation<\/strong><\/h4>\n<\/div><div class=\"fusion-progressbar\" style=\"--awb-textcolor:#000000;--awb-filledcolor:#b7b7b7;--awb-unfilledcolor:#ffffff;--awb-filledbordercolor:#b7b7b7;--awb-maximum-value-wrapper-width:93%;\"><div class=\"fusion-progressbar-bar progress-bar\"><div class=\"progress progress-bar-content not-animated\" role=\"progressbar\" aria-labelledby=\"awb-progressbar-label-7\" aria-valuemin=\"0\" aria-valuemax=\"100\" aria-valuenow=\"7\" data-filling-speed=\"600\"><span class=\"progress-title awb-on-bar\"><span class=\"fusion-progressbar-text\" id=\"awb-progressbar-label-7\">D&rsquo;accord : <\/span> <span class=\"fusion-progressbar-value\">7%<\/span><\/span><\/div><span class=\"awb-pb-max-value-wrap awb-on-bar\"><span class=\"awb-pb-max-value-text\"><\/span><\/span><\/div><\/div><div class=\"fusion-text fusion-text-6\"><h4><strong>J\u2019ai vraiment le sentiment d\u2019\u00eatre repr\u00e9sent\u00e9-e au Parlement Europ\u00e9en par les d\u00e9put\u00e9s belges<\/strong><\/h4>\n<\/div><div class=\"fusion-progressbar\" style=\"--awb-textcolor:#000000;--awb-filledcolor:#b7b7b7;--awb-unfilledcolor:#ffffff;--awb-filledbordercolor:#b7b7b7;--awb-maximum-value-wrapper-width:86%;\"><div class=\"fusion-progressbar-bar progress-bar\"><div class=\"progress progress-bar-content not-animated\" role=\"progressbar\" aria-labelledby=\"awb-progressbar-label-8\" aria-valuemin=\"0\" aria-valuemax=\"100\" aria-valuenow=\"14\" data-filling-speed=\"600\"><span class=\"progress-title awb-on-bar\"><span class=\"fusion-progressbar-text\" id=\"awb-progressbar-label-8\">D&rsquo;accord : <\/span> <span class=\"fusion-progressbar-value\">14%<\/span><\/span><\/div><span class=\"awb-pb-max-value-wrap awb-on-bar\"><span class=\"awb-pb-max-value-text\"><\/span><\/span><\/div><\/div><div class=\"fusion-text fusion-text-7\"><h4><strong>Les institutions europ\u00e9ennes, aujourd\u2019hui, servent uniquement les int\u00e9r\u00eats de la finance<\/strong><\/h4>\n<\/div><div class=\"fusion-progressbar\" style=\"--awb-textcolor:#000000;--awb-filledcolor:#b7b7b7;--awb-unfilledcolor:#ffffff;--awb-filledbordercolor:#b7b7b7;--awb-maximum-value-wrapper-width:31%;\"><div class=\"fusion-progressbar-bar progress-bar\"><div class=\"progress progress-bar-content not-animated\" role=\"progressbar\" aria-labelledby=\"awb-progressbar-label-9\" aria-valuemin=\"0\" aria-valuemax=\"100\" aria-valuenow=\"69\" data-filling-speed=\"600\"><span class=\"progress-title awb-on-bar\"><span class=\"fusion-progressbar-text\" id=\"awb-progressbar-label-9\">D&rsquo;accord : <\/span> <span class=\"fusion-progressbar-value\">69%<\/span><\/span><\/div><span class=\"awb-pb-max-value-wrap awb-on-bar\"><span class=\"awb-pb-max-value-text\"><\/span><\/span><\/div><\/div><div class=\"fusion-clearfix\"><\/div><\/div><\/div><div class=\"fusion-layout-column fusion_builder_column fusion-builder-column-5 fusion_builder_column_1_2 1_2 fusion-one-half fusion-column-first\" style=\"--awb-bg-size:cover;width:48%; margin-right: 4%;\"><div class=\"fusion-column-wrapper fusion-flex-column-wrapper-legacy\"><div class=\"fusion-title title fusion-title-4 fusion-title-text fusion-title-size-one\" style=\"--awb-margin-top-small:0px;--awb-margin-right-small:0px;--awb-margin-bottom-small:20px;--awb-margin-left-small:0px;\"><h1 class=\"fusion-title-heading title-heading-left\" style=\"margin:0;\"><h2><strong>Confiance<\/strong><\/h2><\/h1><span class=\"awb-title-spacer\"><\/span><div class=\"title-sep-container\"><div class=\"title-sep sep-double sep-solid\" style=\"border-color:#e0dede;\"><\/div><\/div><\/div><div class=\"fusion-text fusion-text-8\"><h4><strong>Qui tente d\u2019agir pour am\u00e9liorer le bien-\u00eatre de la population\u00a0?<\/strong><\/h4>\n<\/div><div class=\"fusion-progressbar\" style=\"--awb-textcolor:#000000;--awb-filledcolor:#b7b7b7;--awb-unfilledcolor:#ffffff;--awb-filledbordercolor:#b7b7b7;--awb-maximum-value-wrapper-width:18%;\"><div class=\"fusion-progressbar-bar progress-bar\"><div class=\"progress progress-bar-content not-animated\" role=\"progressbar\" aria-labelledby=\"awb-progressbar-label-10\" aria-valuemin=\"0\" aria-valuemax=\"100\" aria-valuenow=\"82\" data-filling-speed=\"600\"><span class=\"progress-title awb-on-bar\"><span class=\"fusion-progressbar-text\" id=\"awb-progressbar-label-10\">Famille :<\/span> <span class=\"fusion-progressbar-value\">82%<\/span><\/span><\/div><span class=\"awb-pb-max-value-wrap awb-on-bar\"><span class=\"awb-pb-max-value-text\"><\/span><\/span><\/div><\/div><div class=\"fusion-progressbar\" style=\"--awb-textcolor:#000000;--awb-filledcolor:#b7b7b7;--awb-unfilledcolor:#ffffff;--awb-filledbordercolor:#b7b7b7;--awb-maximum-value-wrapper-width:18%;\"><div class=\"fusion-progressbar-bar progress-bar\"><div class=\"progress progress-bar-content not-animated\" role=\"progressbar\" aria-labelledby=\"awb-progressbar-label-11\" aria-valuemin=\"0\" aria-valuemax=\"100\" aria-valuenow=\"82\" data-filling-speed=\"600\"><span class=\"progress-title awb-on-bar\"><span class=\"fusion-progressbar-text\" id=\"awb-progressbar-label-11\">M\u00e9decins :<\/span> <span class=\"fusion-progressbar-value\">82%<\/span><\/span><\/div><span class=\"awb-pb-max-value-wrap awb-on-bar\"><span class=\"awb-pb-max-value-text\"><\/span><\/span><\/div><\/div><div class=\"fusion-progressbar\" style=\"--awb-textcolor:#000000;--awb-filledcolor:#b7b7b7;--awb-unfilledcolor:#ffffff;--awb-filledbordercolor:#b7b7b7;--awb-maximum-value-wrapper-width:27%;\"><div class=\"fusion-progressbar-bar progress-bar\"><div class=\"progress progress-bar-content not-animated\" role=\"progressbar\" aria-labelledby=\"awb-progressbar-label-12\" aria-valuemin=\"0\" aria-valuemax=\"100\" aria-valuenow=\"73\" data-filling-speed=\"600\"><span class=\"progress-title awb-on-bar\"><span class=\"fusion-progressbar-text\" id=\"awb-progressbar-label-12\">Mutuelles :<\/span> <span class=\"fusion-progressbar-value\">73%<\/span><\/span><\/div><span class=\"awb-pb-max-value-wrap awb-on-bar\"><span class=\"awb-pb-max-value-text\"><\/span><\/span><\/div><\/div><div class=\"fusion-progressbar\" style=\"--awb-textcolor:#000000;--awb-filledcolor:#b7b7b7;--awb-unfilledcolor:#ffffff;--awb-filledbordercolor:#b7b7b7;--awb-maximum-value-wrapper-width:67%;\"><div class=\"fusion-progressbar-bar progress-bar\"><div class=\"progress progress-bar-content not-animated\" role=\"progressbar\" aria-labelledby=\"awb-progressbar-label-13\" aria-valuemin=\"0\" aria-valuemax=\"100\" aria-valuenow=\"33\" data-filling-speed=\"600\"><span class=\"progress-title awb-on-bar\"><span class=\"fusion-progressbar-text\" id=\"awb-progressbar-label-13\">Syndicats :<\/span> <span class=\"fusion-progressbar-value\">33%<\/span><\/span><\/div><span class=\"awb-pb-max-value-wrap awb-on-bar\"><span class=\"awb-pb-max-value-text\"><\/span><\/span><\/div><\/div><div class=\"fusion-progressbar\" style=\"--awb-textcolor:#000000;--awb-filledcolor:#b7b7b7;--awb-unfilledcolor:#ffffff;--awb-filledbordercolor:#b7b7b7;--awb-maximum-value-wrapper-width:76%;\"><div class=\"fusion-progressbar-bar progress-bar\"><div class=\"progress progress-bar-content not-animated\" role=\"progressbar\" aria-labelledby=\"awb-progressbar-label-14\" aria-valuemin=\"0\" aria-valuemax=\"100\" aria-valuenow=\"24\" data-filling-speed=\"600\"><span class=\"progress-title awb-on-bar\"><span class=\"fusion-progressbar-text\" id=\"awb-progressbar-label-14\">Presse &amp; Journalistes :<\/span> <span class=\"fusion-progressbar-value\">24%<\/span><\/span><\/div><span class=\"awb-pb-max-value-wrap awb-on-bar\"><span class=\"awb-pb-max-value-text\"><\/span><\/span><\/div><\/div><div class=\"fusion-progressbar\" style=\"--awb-textcolor:#000000;--awb-filledcolor:#b7b7b7;--awb-unfilledcolor:#ffffff;--awb-filledbordercolor:#b7b7b7;--awb-maximum-value-wrapper-width:92%;\"><div class=\"fusion-progressbar-bar progress-bar\"><div class=\"progress progress-bar-content not-animated\" role=\"progressbar\" aria-labelledby=\"awb-progressbar-label-15\" aria-valuemin=\"0\" aria-valuemax=\"100\" aria-valuenow=\"8\" data-filling-speed=\"600\"><span class=\"progress-title awb-on-bar\"><span class=\"fusion-progressbar-text\" id=\"awb-progressbar-label-15\">Partis politiques :<\/span> <span class=\"fusion-progressbar-value\">8%<\/span><\/span><\/div><span class=\"awb-pb-max-value-wrap awb-on-bar\"><span class=\"awb-pb-max-value-text\"><\/span><\/span><\/div><\/div><div class=\"fusion-clearfix\"><\/div><\/div><\/div><\/div><\/div>\n","protected":false},"excerpt":{"rendered":"","protected":false},"author":6,"featured_media":0,"parent":0,"menu_order":0,"comment_status":"closed","ping_status":"closed","template":"","meta":{"footnotes":""},"class_list":["post-1358","page","type-page","status-publish","hentry"],"_links":{"self":[{"href":"https:\/\/www.institut-solidaris.be\/index.php\/wp-json\/wp\/v2\/pages\/1358","targetHints":{"allow":["GET"]}}],"collection":[{"href":"https:\/\/www.institut-solidaris.be\/index.php\/wp-json\/wp\/v2\/pages"}],"about":[{"href":"https:\/\/www.institut-solidaris.be\/index.php\/wp-json\/wp\/v2\/types\/page"}],"author":[{"embeddable":true,"href":"https:\/\/www.institut-solidaris.be\/index.php\/wp-json\/wp\/v2\/users\/6"}],"replies":[{"embeddable":true,"href":"https:\/\/www.institut-solidaris.be\/index.php\/wp-json\/wp\/v2\/comments?post=1358"}],"version-history":[{"count":73,"href":"https:\/\/www.institut-solidaris.be\/index.php\/wp-json\/wp\/v2\/pages\/1358\/revisions"}],"predecessor-version":[{"id":1894,"href":"https:\/\/www.institut-solidaris.be\/index.php\/wp-json\/wp\/v2\/pages\/1358\/revisions\/1894"}],"wp:attachment":[{"href":"https:\/\/www.institut-solidaris.be\/index.php\/wp-json\/wp\/v2\/media?parent=1358"}],"curies":[{"name":"wp","href":"https:\/\/api.w.org\/{rel}","templated":true}]}}