{"id":1256,"date":"2017-11-20T12:10:34","date_gmt":"2017-11-20T11:10:34","guid":{"rendered":"https:\/\/www.institut-solidaris.be\/?page_id=1256"},"modified":"2019-12-16T11:04:26","modified_gmt":"2019-12-16T10:04:26","slug":"information_sante","status":"publish","type":"page","link":"https:\/\/www.institut-solidaris.be\/index.php\/information_sante\/","title":{"rendered":"L&rsquo;information sant\u00e9 en Belgique francophone"},"content":{"rendered":"<div class=\"fusion-fullwidth fullwidth-box fusion-builder-row-1 nonhundred-percent-fullwidth non-hundred-percent-height-scrolling\" style=\"--awb-background-position:left top;--awb-border-radius-top-left:0px;--awb-border-radius-top-right:0px;--awb-border-radius-bottom-right:0px;--awb-border-radius-bottom-left:0px;--awb-padding-top:20px;--awb-padding-bottom:20px;--awb-border-sizes-top:0px;--awb-border-sizes-bottom:0px;--awb-flex-wrap:wrap;\" ><div class=\"fusion-builder-row fusion-row\"><div class=\"fusion-layout-column fusion_builder_column fusion-builder-column-0 fusion_builder_column_1_2 1_2 fusion-one-half fusion-column-first\" style=\"--awb-bg-size:cover;width:48%; margin-right: 4%;\"><div class=\"fusion-column-wrapper fusion-flex-column-wrapper-legacy\"><div class=\"fusion-slider-sc fusion-flexslider-loading flexslider flexslider-hover-type-none\" data-slideshow_autoplay=\"1\" data-slideshow_smooth_height=\"0\" data-slideshow_speed=\"7000\" style=\"max-width:100%;height:100%;\"><ul class=\"slides\"><li class=\"image\"><span class=\"fusion-image-hover-element hover-type-none\"><img decoding=\"async\" src=\"https:\/\/www.institut-solidaris.be\/wp-content\/uploads\/2017\/11\/ImageCarousel_InfoSante_600x350.jpg\" width=\"600\" height=\"350\" \/><\/span><\/li><\/ul><\/div><div class=\"fusion-clearfix\"><\/div><\/div><\/div><div class=\"fusion-layout-column fusion_builder_column fusion-builder-column-1 fusion_builder_column_1_2 1_2 fusion-one-half fusion-column-last\" style=\"--awb-bg-size:cover;width:48%;\"><div class=\"fusion-column-wrapper fusion-flex-column-wrapper-legacy\"><div class=\"fusion-text fusion-text-1\"><h2 style=\"text-align: justify;\"><span style=\"color: #ff0000;\">\u00a0Un chemin encore long pour acc\u00e9der \u00e0 une info sant\u00e9 de qualit\u00e9<br \/>\n<\/span><\/h2>\n<p style=\"text-align: justify;\"><strong>Avec le d\u00e9veloppement des technologies de l&rsquo;information et de la communication, l&rsquo;av\u00e8nement d&rsquo;internet et l&rsquo;\u00e9mergence d&rsquo;une \u00e8re des m\u00e9dias sociaux, nous assistons immanquablement \u00e0 une offre pl\u00e9thorique d&rsquo;informations. Le secteur de la sant\u00e9 n&rsquo;y \u00e9chappe pas (conseils, infos pratiques, consultation en ligne, forums, &#8230;) provoquant m\u00eame un certain engouement. D\u00e8s lors, quels usages et connaissances\u00a0 la population a-t-elle en mati\u00e8re d&rsquo;information sant\u00e9, notamment en ligne ?<\/strong><\/p>\n<p style=\"text-align: justify;\">Lors de notre pr\u00e9c\u00e9dente enqu\u00eate \u00ab\u00a0<span style=\"color: #ff0000;\"><strong><a style=\"color: #ff0000;\" href=\"https:\/\/www.institut-solidaris.be\/index.php\/confiance-media\/\" target=\"_blank\" rel=\"noopener noreferrer\">La confiance des Belges dans les M\u00e9dias<\/a><\/strong><\/span>\u00a0\u00bb il est ressorti que la sant\u00e9 n&rsquo;occupait pas suffisamment le devant de l&rsquo;actualit\u00e9 alors qu&rsquo;elle suscite un int\u00e9r\u00eat croissant de la part de la population (75%).<br \/>\nLes th\u00e9matiques de sant\u00e9 ont fini par, de plus en plus, gagner l&rsquo;espace public, faisant \u00e9voluer l&rsquo;usage de l&rsquo;information sant\u00e9.<\/p>\n<p style=\"text-align: justify;\"><strong>670 <\/strong>Belges francophones, repr\u00e9sentatifs de la population, ont r\u00e9pondu \u00e0 cette enqu\u00eate. L&rsquo;information sant\u00e9 analys\u00e9e ici a \u00e9t\u00e9 d\u00e9finie comme \u00e9tant celle permettant de prendre soin de sa sant\u00e9, d&rsquo;\u00eatre\/de rester en bonne sant\u00e9.<\/p>\n<p style=\"text-align: justify;\">Bien que le m\u00e9decin g\u00e9n\u00e9raliste reste un acteur in\u00e9luctable pour acc\u00e9der \u00e0 une information sant\u00e9 &#8211; 92% des r\u00e9pondants le consid\u00e8rent comme une personne qui donne des informations fiables et pertinentes &#8211; l&rsquo;usage d&rsquo;internet devient, quant \u00e0 lui, incontournable en la mati\u00e8re. Pr\u00e8s de 40% des personnes interrog\u00e9es d\u00e9clarent se renseigner sur internet pour conna\u00eetre les pratiques et comportements \u00e0 adopter pour \u00eatre\/rester en bonne sant\u00e9.<\/p>\n<p style=\"text-align: justify;\">Gr\u00e2ce \u00e0 l&rsquo;\u00e9mergence d&rsquo;une multiplication d&rsquo;acteurs, l&rsquo;information sant\u00e9 est devenue, certes accessible au plus grand nombre mais reste malgr\u00e9 tout, encore fort \u00e9clat\u00e9e. En effet, 47% des r\u00e9pondants trouvent qu&rsquo;il n&rsquo;est pas facile de faire le tri entre les bonnes et les mauvaises informations sant\u00e9.<br \/>\nDe plus, on note une forte diff\u00e9rence entre la connaissance per\u00e7ue et la connaissance r\u00e9elle des personnes interrog\u00e9es. Alors que pr\u00e8s de 82% des gens estiment avoir un bon niveau d\u2019information sant\u00e9, ils n\u2019obtiennent en moyenne que 11,16\/26 au test de connaissances objectives.<\/p>\n<p style=\"text-align: justify;\">Par ailleurs, tout au long de cette enqu\u00eate, on observe aussi le ph\u00e9nom\u00e8ne r\u00e9current des in\u00e9galit\u00e9s sociales qui conduisent clairement, ici, \u00e0 des in\u00e9galit\u00e9s de sant\u00e9.<\/p>\n<p style=\"text-align: justify;\">Enfin, nous avons cherch\u00e9 au travers de cette enqu\u00eate, \u00e0 mettre en lumi\u00e8re les habitudes de recherche en mati\u00e8re d&rsquo;information sant\u00e9 : les gens se sentent-ils suffisamment inform\u00e9s ? Comprennent-ils les informations qui leur parviennent ? Savent-ils les d\u00e9crypter, les critiquer ? En qui ont-ils confiance pour les informer ? Qu&rsquo;est-ce qu&rsquo;une information de qualit\u00e9 pour eux ? A quelle fr\u00e9quence s&rsquo;informent-ils sur Internet ? Enfin, le web participe t-il \u00e0 accro\u00eetre les disparit\u00e9s sociales en mati\u00e8re de sant\u00e9 ou \u00e0 les diminuer ? Et surtout, comment modifie-t-il la relation patient\/m\u00e9decin\u00a0?<\/p>\n<p style=\"text-align: justify;\">Pour consulter la <strong>pr\u00e9sentation des r\u00e9sultats<\/strong> cliquez<span style=\"color: #ff0000;\"><strong> <a style=\"color: #ff0000;\" href=\"https:\/\/www.institut-solidaris.be\/wp-content\/uploads\/2017\/11\/InformationSanteBelgiqueFrancophone.pdf\" target=\"_blank\" rel=\"noopener noreferrer\">ici<\/a><\/strong><\/span><\/p>\n<p style=\"text-align: justify;\">Pour consulter l&rsquo;<strong>int\u00e9gralit\u00e9 de l&rsquo;enqu\u00eate, <\/strong>cliquez<strong><span style=\"color: #ff0000;\"><strong> <a style=\"color: #ff0000;\" href=\"https:\/\/www.institut-solidaris.be\/wp-content\/uploads\/2017\/11\/Rapport-final-Enquete-InformationSante.pdf\" target=\"_blank\" rel=\"noopener noreferrer\">ici<\/a> <\/strong><\/span><\/strong><\/p>\n<p style=\"text-align: justify;\">\u00a0Pour consulter <strong>le communiqu\u00e9 de presse<\/strong> et <strong>les recommandations de Solidaris<\/strong>, cliquez <span style=\"color: #ff0000;\"><strong><a style=\"color: #ff0000;\" href=\"https:\/\/www.institut-solidaris.be\/wp-content\/uploads\/2017\/11\/CP_Information_Sante_en_Belgique_francophone.pdf\">ici<\/a><\/strong><\/span><\/p>\n<\/div><div class=\"fusion-clearfix\"><\/div><\/div><\/div><div class=\"fusion-layout-column fusion_builder_column fusion-builder-column-2 fusion_builder_column_1_1 1_1 fusion-one-full fusion-column-first fusion-column-last fusion-column-no-min-height\" style=\"--awb-bg-size:cover;--awb-margin-bottom:0px;\"><div class=\"fusion-column-wrapper fusion-flex-column-wrapper-legacy\"><div class=\"fusion-title title fusion-title-1 fusion-title-text fusion-title-size-two\" style=\"--awb-margin-top-small:0px;--awb-margin-right-small:0px;--awb-margin-bottom-small:20px;--awb-margin-left-small:0px;\"><h2 class=\"fusion-title-heading title-heading-left\" style=\"margin:0;\">En chiffres<\/h2><span class=\"awb-title-spacer\"><\/span><div class=\"title-sep-container\"><div class=\"title-sep sep-double sep-solid\" style=\"border-color:#e0dede;\"><\/div><\/div><\/div><div class=\"fusion-clearfix\"><\/div><\/div><\/div><div class=\"fusion-layout-column fusion_builder_column fusion-builder-column-3 fusion_builder_column_1_2 1_2 fusion-one-half fusion-column-first\" style=\"--awb-bg-size:cover;width:48%; margin-right: 4%;\"><div class=\"fusion-column-wrapper fusion-flex-column-wrapper-legacy\"><div class=\"fusion-progressbar\" style=\"--awb-textcolor:#000000;--awb-filledcolor:#e41618;--awb-unfilledcolor:#f7f7f7;--awb-filledbordercolor:#e41618;--awb-maximum-value-wrapper-width:18%;\"><div class=\"fusion-progressbar-bar progress-bar\"><div class=\"progress progress-bar-content not-animated\" role=\"progressbar\" aria-labelledby=\"awb-progressbar-label-1\" aria-valuemin=\"0\" aria-valuemax=\"100\" aria-valuenow=\"82\" data-filling-speed=\"600\"><span class=\"progress-title awb-on-bar\"><span class=\"fusion-progressbar-text\" id=\"awb-progressbar-label-1\">Ils estiment avoir un bon niveau de connaissance en mati\u00e8re d&rsquo;information sant\u00e9. <\/span> <span class=\"fusion-progressbar-value\">82%<\/span><\/span><\/div><span class=\"awb-pb-max-value-wrap awb-on-bar\"><span class=\"awb-pb-max-value-text\"><\/span><\/span><\/div><\/div><div class=\"fusion-progressbar\" style=\"--awb-textcolor:#000000;--awb-filledcolor:#e41618;--awb-unfilledcolor:#f7f7f7;--awb-filledbordercolor:#e41618;--awb-maximum-value-wrapper-width:73%;\"><div class=\"fusion-progressbar-bar progress-bar\"><div class=\"progress progress-bar-content not-animated\" role=\"progressbar\" aria-labelledby=\"awb-progressbar-label-2\" aria-valuemin=\"0\" aria-valuemax=\"100\" aria-valuenow=\"27\" data-filling-speed=\"600\"><span class=\"progress-title awb-on-bar\"><span class=\"fusion-progressbar-text\" id=\"awb-progressbar-label-2\">Ils pensent que les antibiotiques permettent de gu\u00e9rir une grippe plus vite alors que c&rsquo;est faux. <\/span> <span class=\"fusion-progressbar-value\">27%<\/span><\/span><\/div><span class=\"awb-pb-max-value-wrap awb-on-bar\"><span class=\"awb-pb-max-value-text\"><\/span><\/span><\/div><\/div><div class=\"fusion-progressbar\" style=\"--awb-textcolor:#000000;--awb-filledcolor:#e41618;--awb-unfilledcolor:#f7f7f7;--awb-filledbordercolor:#e41618;--awb-maximum-value-wrapper-width:66%;\"><div class=\"fusion-progressbar-bar progress-bar\"><div class=\"progress progress-bar-content not-animated\" role=\"progressbar\" aria-labelledby=\"awb-progressbar-label-3\" aria-valuemin=\"0\" aria-valuemax=\"100\" aria-valuenow=\"34\" data-filling-speed=\"600\"><span class=\"progress-title awb-on-bar\"><span class=\"fusion-progressbar-text\" id=\"awb-progressbar-label-3\">Avoir acc\u00e8s \u00e0 une information sant\u00e9 de qualit\u00e9 (TV, radio, presse \u00e9crite ou internet) pour prendre correctement soin de sa sant\u00e9 est difficile.<\/span> <span class=\"fusion-progressbar-value\">34%<\/span><\/span><\/div><span class=\"awb-pb-max-value-wrap awb-on-bar\"><span class=\"awb-pb-max-value-text\"><\/span><\/span><\/div><\/div><div class=\"fusion-progressbar\" style=\"--awb-textcolor:#000000;--awb-filledcolor:#e41618;--awb-unfilledcolor:#f7f7f7;--awb-filledbordercolor:#e41618;--awb-maximum-value-wrapper-width:19%;\"><div class=\"fusion-progressbar-bar progress-bar\"><div class=\"progress progress-bar-content not-animated\" role=\"progressbar\" aria-labelledby=\"awb-progressbar-label-4\" aria-valuemin=\"0\" aria-valuemax=\"100\" aria-valuenow=\"81\" data-filling-speed=\"600\"><span class=\"progress-title awb-on-bar\"><span class=\"fusion-progressbar-text\" id=\"awb-progressbar-label-4\">Il faudrait r\u00e8glementer les informations sant\u00e9, tant sur internet que dans les m\u00e9dias traditionnels.<\/span> <span class=\"fusion-progressbar-value\">81%<\/span><\/span><\/div><span class=\"awb-pb-max-value-wrap awb-on-bar\"><span class=\"awb-pb-max-value-text\"><\/span><\/span><\/div><\/div><div class=\"fusion-progressbar\" style=\"--awb-textcolor:#000000;--awb-filledcolor:#e41618;--awb-unfilledcolor:#f7f7f7;--awb-filledbordercolor:#e41618;--awb-maximum-value-wrapper-width:48%;\"><div class=\"fusion-progressbar-bar progress-bar\"><div class=\"progress progress-bar-content not-animated\" role=\"progressbar\" aria-labelledby=\"awb-progressbar-label-5\" aria-valuemin=\"0\" aria-valuemax=\"100\" aria-valuenow=\"52\" data-filling-speed=\"600\"><span class=\"progress-title awb-on-bar\"><span class=\"fusion-progressbar-text\" id=\"awb-progressbar-label-5\">Les autorit\u00e9s de sant\u00e9 (Ministres de la sant\u00e9 au niveau f\u00e9d\u00e9ral, au niveau des r\u00e9gions, &#8230;) donnent des informations de sant\u00e9 fiables et pertinentes.<\/span> <span class=\"fusion-progressbar-value\">52%<\/span><\/span><\/div><span class=\"awb-pb-max-value-wrap awb-on-bar\"><span class=\"awb-pb-max-value-text\"><\/span><\/span><\/div><\/div><div class=\"fusion-progressbar\" style=\"--awb-textcolor:#000000;--awb-filledcolor:#e41618;--awb-unfilledcolor:#f7f7f7;--awb-filledbordercolor:#e41618;--awb-maximum-value-wrapper-width:80%;\"><div class=\"fusion-progressbar-bar progress-bar\"><div class=\"progress progress-bar-content not-animated\" role=\"progressbar\" aria-labelledby=\"awb-progressbar-label-6\" aria-valuemin=\"0\" aria-valuemax=\"100\" aria-valuenow=\"20\" data-filling-speed=\"600\"><span class=\"progress-title awb-on-bar\"><span class=\"fusion-progressbar-text\" id=\"awb-progressbar-label-6\">L&rsquo;industrie pharmaceutique est la mieux plac\u00e9e pour informer sur la sant\u00e9. <\/span> <span class=\"fusion-progressbar-value\">20%<\/span><\/span><\/div><span class=\"awb-pb-max-value-wrap awb-on-bar\"><span class=\"awb-pb-max-value-text\"><\/span><\/span><\/div><\/div><div class=\"fusion-clearfix\"><\/div><\/div><\/div><div class=\"fusion-layout-column fusion_builder_column fusion-builder-column-4 fusion_builder_column_1_2 1_2 fusion-one-half fusion-column-last\" style=\"--awb-bg-size:cover;width:48%;\"><div class=\"fusion-column-wrapper fusion-flex-column-wrapper-legacy\"><div class=\"fusion-progressbar\" style=\"--awb-textcolor:#000000;--awb-filledcolor:#e41618;--awb-unfilledcolor:#f7f7f7;--awb-filledbordercolor:#e41618;--awb-maximum-value-wrapper-width:89%;\"><div class=\"fusion-progressbar-bar progress-bar\"><div class=\"progress progress-bar-content not-animated\" role=\"progressbar\" aria-labelledby=\"awb-progressbar-label-7\" aria-valuemin=\"0\" aria-valuemax=\"100\" aria-valuenow=\"11\" data-filling-speed=\"600\"><span class=\"progress-title awb-on-bar\"><span class=\"fusion-progressbar-text\" id=\"awb-progressbar-label-7\">La moyenne concernant le r\u00e9el niveau de connaissance en mati\u00e8re d&rsquo;information sant\u00e9 s&rsquo;\u00e9l\u00e8ve \u00e0 :<\/span> <span class=\"fusion-progressbar-value\">11,16\/26<\/span><\/span><\/div><span class=\"awb-pb-max-value-wrap awb-on-bar\"><span class=\"awb-pb-max-value-text\"><\/span><\/span><\/div><\/div><div class=\"fusion-progressbar\" style=\"--awb-textcolor:#000000;--awb-filledcolor:#e41618;--awb-unfilledcolor:#f7f7f7;--awb-filledbordercolor:#e41618;--awb-maximum-value-wrapper-width:27%;\"><div class=\"fusion-progressbar-bar progress-bar\"><div class=\"progress progress-bar-content not-animated\" role=\"progressbar\" aria-labelledby=\"awb-progressbar-label-8\" aria-valuemin=\"0\" aria-valuemax=\"100\" aria-valuenow=\"73\" data-filling-speed=\"600\"><span class=\"progress-title awb-on-bar\"><span class=\"fusion-progressbar-text\" id=\"awb-progressbar-label-8\">Ils estiment avoir la bonne habitude, le bon comportement pour \u00eatre et rester en bonne sant\u00e9. <\/span> <span class=\"fusion-progressbar-value\">73%<\/span><\/span><\/div><span class=\"awb-pb-max-value-wrap awb-on-bar\"><span class=\"awb-pb-max-value-text\"><\/span><\/span><\/div><\/div><div class=\"fusion-progressbar\" style=\"--awb-textcolor:#000000;--awb-filledcolor:#e41618;--awb-unfilledcolor:#f7f7f7;--awb-filledbordercolor:#e41618;--awb-maximum-value-wrapper-width:53%;\"><div class=\"fusion-progressbar-bar progress-bar\"><div class=\"progress progress-bar-content not-animated\" role=\"progressbar\" aria-labelledby=\"awb-progressbar-label-9\" aria-valuemin=\"0\" aria-valuemax=\"100\" aria-valuenow=\"47\" data-filling-speed=\"600\"><span class=\"progress-title awb-on-bar\"><span class=\"fusion-progressbar-text\" id=\"awb-progressbar-label-9\">Faire le tri entre une bonne et une mauvaise information sant\u00e9 est compliqu\u00e9.<\/span> <span class=\"fusion-progressbar-value\">47%<\/span><\/span><\/div><span class=\"awb-pb-max-value-wrap awb-on-bar\"><span class=\"awb-pb-max-value-text\"><\/span><\/span><\/div><\/div><div class=\"fusion-progressbar\" style=\"--awb-textcolor:#000000;--awb-filledcolor:#e41618;--awb-unfilledcolor:#f7f7f7;--awb-filledbordercolor:#e41618;--awb-maximum-value-wrapper-width:17%;\"><div class=\"fusion-progressbar-bar progress-bar\"><div class=\"progress progress-bar-content not-animated\" role=\"progressbar\" aria-labelledby=\"awb-progressbar-label-10\" aria-valuemin=\"0\" aria-valuemax=\"100\" aria-valuenow=\"83\" data-filling-speed=\"600\"><span class=\"progress-title awb-on-bar\"><span class=\"fusion-progressbar-text\" id=\"awb-progressbar-label-10\">L&rsquo;industrie pharmaceutique a beaucoup d&rsquo;influence sur ce qui est dit dans les m\u00e9dias.<\/span> <span class=\"fusion-progressbar-value\">83%<\/span><\/span><\/div><span class=\"awb-pb-max-value-wrap awb-on-bar\"><span class=\"awb-pb-max-value-text\"><\/span><\/span><\/div><\/div><div class=\"fusion-progressbar\" style=\"--awb-textcolor:#000000;--awb-filledcolor:#e41618;--awb-unfilledcolor:#f7f7f7;--awb-filledbordercolor:#e41618;--awb-maximum-value-wrapper-width:8%;\"><div class=\"fusion-progressbar-bar progress-bar\"><div class=\"progress progress-bar-content not-animated\" role=\"progressbar\" aria-labelledby=\"awb-progressbar-label-11\" aria-valuemin=\"0\" aria-valuemax=\"100\" aria-valuenow=\"92\" data-filling-speed=\"600\"><span class=\"progress-title awb-on-bar\"><span class=\"fusion-progressbar-text\" id=\"awb-progressbar-label-11\">Le m\u00e9decin g\u00e9n\u00e9raliste donne des informations sant\u00e9 fiables et pertinentes.<\/span> <span class=\"fusion-progressbar-value\">92%<\/span><\/span><\/div><span class=\"awb-pb-max-value-wrap awb-on-bar\"><span class=\"awb-pb-max-value-text\"><\/span><\/span><\/div><\/div><div class=\"fusion-progressbar\" style=\"--awb-textcolor:#000000;--awb-filledcolor:#e41618;--awb-unfilledcolor:#f7f7f7;--awb-filledbordercolor:#e41618;--awb-maximum-value-wrapper-width:72%;\"><div class=\"fusion-progressbar-bar progress-bar\"><div class=\"progress progress-bar-content not-animated\" role=\"progressbar\" aria-labelledby=\"awb-progressbar-label-12\" aria-valuemin=\"0\" aria-valuemax=\"100\" aria-valuenow=\"28\" data-filling-speed=\"600\"><span class=\"progress-title awb-on-bar\"><span class=\"fusion-progressbar-text\" id=\"awb-progressbar-label-12\">Ils ont d\u00e9j\u00e0 consult\u00e9 leur m\u00e9decin suite \u00e0 des informations trouv\u00e9es sur internet.<\/span> <span class=\"fusion-progressbar-value\">28%<\/span><\/span><\/div><span class=\"awb-pb-max-value-wrap awb-on-bar\"><span class=\"awb-pb-max-value-text\"><\/span><\/span><\/div><\/div><div class=\"fusion-progressbar\" style=\"--awb-textcolor:#000000;--awb-filledcolor:#e41618;--awb-unfilledcolor:#f7f7f7;--awb-filledbordercolor:#e41618;--awb-maximum-value-wrapper-width:84%;\"><div class=\"fusion-progressbar-bar progress-bar\"><div class=\"progress progress-bar-content not-animated\" role=\"progressbar\" aria-labelledby=\"awb-progressbar-label-13\" aria-valuemin=\"0\" aria-valuemax=\"100\" aria-valuenow=\"16\" data-filling-speed=\"600\"><span class=\"progress-title awb-on-bar\"><span class=\"fusion-progressbar-text\" id=\"awb-progressbar-label-13\">Ils ont d\u00e9j\u00e0 renonc\u00e9 \u00e0 consulter leur m\u00e9decin apr\u00e8s avoir trouv\u00e9, sur internet, les r\u00e9ponses \u00e0 leurs questions sant\u00e9.<\/span> <span class=\"fusion-progressbar-value\">16%<\/span><\/span><\/div><span class=\"awb-pb-max-value-wrap awb-on-bar\"><span class=\"awb-pb-max-value-text\"><\/span><\/span><\/div><\/div><div class=\"fusion-clearfix\"><\/div><\/div><\/div><\/div><\/div>\n","protected":false},"excerpt":{"rendered":"","protected":false},"author":2,"featured_media":0,"parent":0,"menu_order":0,"comment_status":"closed","ping_status":"closed","template":"","meta":{"footnotes":""},"class_list":["post-1256","page","type-page","status-publish","hentry"],"_links":{"self":[{"href":"https:\/\/www.institut-solidaris.be\/index.php\/wp-json\/wp\/v2\/pages\/1256","targetHints":{"allow":["GET"]}}],"collection":[{"href":"https:\/\/www.institut-solidaris.be\/index.php\/wp-json\/wp\/v2\/pages"}],"about":[{"href":"https:\/\/www.institut-solidaris.be\/index.php\/wp-json\/wp\/v2\/types\/page"}],"author":[{"embeddable":true,"href":"https:\/\/www.institut-solidaris.be\/index.php\/wp-json\/wp\/v2\/users\/2"}],"replies":[{"embeddable":true,"href":"https:\/\/www.institut-solidaris.be\/index.php\/wp-json\/wp\/v2\/comments?post=1256"}],"version-history":[{"count":62,"href":"https:\/\/www.institut-solidaris.be\/index.php\/wp-json\/wp\/v2\/pages\/1256\/revisions"}],"predecessor-version":[{"id":1895,"href":"https:\/\/www.institut-solidaris.be\/index.php\/wp-json\/wp\/v2\/pages\/1256\/revisions\/1895"}],"wp:attachment":[{"href":"https:\/\/www.institut-solidaris.be\/index.php\/wp-json\/wp\/v2\/media?parent=1256"}],"curies":[{"name":"wp","href":"https:\/\/api.w.org\/{rel}","templated":true}]}}