{"id":120,"date":"2021-11-23T07:00:55","date_gmt":"2021-11-23T06:00:55","guid":{"rendered":"https:\/\/www.institut-solidaris.be\/?page_id=120"},"modified":"2026-03-19T06:45:30","modified_gmt":"2026-03-19T05:45:30","slug":"accueil-2","status":"publish","type":"page","link":"https:\/\/www.institut-solidaris.be\/","title":{"rendered":"Accueil"},"content":{"rendered":"<p><div class=\"fusion-fullwidth fullwidth-box fusion-builder-row-1 nonhundred-percent-fullwidth non-hundred-percent-height-scrolling\" style=\"--awb-background-position:left top;--awb-border-sizes-top:0px;--awb-border-sizes-bottom:0px;--awb-border-sizes-left:0px;--awb-border-sizes-right:0px;--awb-border-radius-top-left:0px;--awb-border-radius-top-right:0px;--awb-border-radius-bottom-right:0px;--awb-border-radius-bottom-left:0px;--awb-margin-top:0px;--awb-margin-bottom:25px;--awb-flex-wrap:wrap;\" ><div class=\"fusion-builder-row fusion-row\"><div class=\"fusion-layout-column fusion_builder_column fusion-builder-column-0 fusion_builder_column_1_1 1_1 fusion-one-full fusion-column-first fusion-column-last\" style=\"--awb-overflow:hidden;--awb-bg-color:var(--awb-color6);--awb-bg-color-hover:var(--awb-color6);--awb-bg-size:cover;--awb-border-radius:0px 0px 25px 25px;--awb-margin-bottom:50px;\"><div class=\"fusion-column-wrapper fusion-column-has-shadow fusion-flex-column-wrapper-legacy\"><div class=\"fusion-image-element in-legacy-container\" style=\"--awb-margin-top:0px;--awb-caption-title-font-family:var(--h2_typography-font-family);--awb-caption-title-font-weight:var(--h2_typography-font-weight);--awb-caption-title-font-style:var(--h2_typography-font-style);--awb-caption-title-size:var(--h2_typography-font-size);--awb-caption-title-transform:var(--h2_typography-text-transform);--awb-caption-title-line-height:var(--h2_typography-line-height);--awb-caption-title-letter-spacing:var(--h2_typography-letter-spacing);\"><span class=\" fusion-imageframe imageframe-none imageframe-1 hover-type-none\"><a class=\"fusion-no-lightbox\" href=\"https:\/\/www.institut-solidaris.be\/index.php\/statinfo-orthodontie\/\" target=\"_self\" aria-label=\"StatInfo_SoinsOrthodontiques_1100x295\"><img decoding=\"async\" width=\"1100\" height=\"295\" src=\"https:\/\/www.institut-solidaris.be\/wp-content\/uploads\/2026\/03\/StatInfo_SoinsOrthodontiques_1100x295.jpg\" alt class=\"img-responsive wp-image-3455\" srcset=\"https:\/\/www.institut-solidaris.be\/wp-content\/uploads\/2026\/03\/StatInfo_SoinsOrthodontiques_1100x295-200x54.jpg 200w, https:\/\/www.institut-solidaris.be\/wp-content\/uploads\/2026\/03\/StatInfo_SoinsOrthodontiques_1100x295-400x107.jpg 400w, https:\/\/www.institut-solidaris.be\/wp-content\/uploads\/2026\/03\/StatInfo_SoinsOrthodontiques_1100x295-600x161.jpg 600w, https:\/\/www.institut-solidaris.be\/wp-content\/uploads\/2026\/03\/StatInfo_SoinsOrthodontiques_1100x295-800x215.jpg 800w, https:\/\/www.institut-solidaris.be\/wp-content\/uploads\/2026\/03\/StatInfo_SoinsOrthodontiques_1100x295.jpg 1100w\" sizes=\"(max-width: 800px) 100vw, 1100px\" \/><\/a><\/span><\/div><div class=\"fusion-text fusion-text-1\" style=\"--awb-font-size:var(--awb-typography1-font-size);--awb-line-height:var(--awb-typography1-line-height);--awb-letter-spacing:var(--awb-typography1-letter-spacing);--awb-text-transform:var(--awb-typography1-text-transform);--awb-text-color:#ffffff;--awb-margin-top:25px;--awb-text-font-family:var(--awb-typography1-font-family);--awb-text-font-weight:var(--awb-typography1-font-weight);--awb-text-font-style:var(--awb-typography1-font-style);\"><p style=\"text-align: center;\"><strong>Nos derni\u00e8res enqu\u00eates et \u00e9tudes<\/strong><\/p>\n<\/div><div class=\"fusion-text fusion-text-2 fusion-text-no-margin\" style=\"--awb-font-size:var(--awb-typography4-font-size);--awb-line-height:var(--awb-typography4-line-height);--awb-letter-spacing:var(--awb-typography4-letter-spacing);--awb-text-color:#ffffff;--awb-margin-bottom:25px;--awb-text-font-family:&quot;Open Sans&quot;;--awb-text-font-style:normal;--awb-text-font-weight:400;\"><p style=\"text-align: center;\"><strong>D\u00e9couvrez les th\u00e9matiques de nos prochaines enqu\u00eates ou consultez les r\u00e9sultats de nos derni\u00e8res enqu\u00eates et \u00e9tudes<\/strong><\/p>\n<\/div><div class=\"fusion-section-separator section-separator triangle fusion-section-separator-1\" style=\"--awb-border-bottom:0px solid #e41618;--awb-spacer-height:0px;--awb-svg-margin-left:0;--awb-svg-margin-right:0;--awb-icon-color:#ffffff;\"><div class=\"fusion-section-separator-svg\"><div class=\"divider-candy-arrow bottom\" style=\"top:0px;border-top-color: var(--awb-color6);\"><\/div><div class=\"divider-candy bottom\" style=\"bottom:-20px;border-bottom:1px solid #e41618;border-left:1px solid #e41618;\"><\/div><\/div><div class=\"fusion-section-separator-spacer\"><div class=\"fusion-section-separator-spacer-height\"><\/div><\/div><\/div><div class=\"fusion-clearfix\"><\/div><\/div><\/div><\/div><\/div><div class=\"fusion-fullwidth fullwidth-box fusion-builder-row-2 nonhundred-percent-fullwidth non-hundred-percent-height-scrolling\" style=\"--awb-background-position:left top;--awb-border-sizes-top:0px;--awb-border-sizes-bottom:0px;--awb-border-sizes-left:0px;--awb-border-sizes-right:0px;--awb-border-radius-top-left:0px;--awb-border-radius-top-right:0px;--awb-border-radius-bottom-right:0px;--awb-border-radius-bottom-left:0px;--awb-padding-top:0px;--awb-padding-right:0px;--awb-padding-bottom:0px;--awb-padding-left:0px;--awb-background-color:#ffffff;--awb-flex-wrap:wrap;\" ><div class=\"fusion-builder-row fusion-row\"><div class=\"fusion-layout-column fusion_builder_column fusion-builder-column-1 fusion_builder_column_1_3 1_3 fusion-one-third fusion-column-first\" style=\"--awb-bg-blend:overlay;--awb-bg-size:cover;width:30.6666%; margin-right: 4%;\"><div class=\"fusion-column-wrapper fusion-flex-column-wrapper-legacy\"><div class=\"fusion-column-content-centered\"><div class=\"fusion-column-content\"><div class=\"fusion-image-element fusion-image-align-center in-legacy-container\" style=\"text-align:center;--awb-liftup-border-radius:0px;--awb-caption-title-font-family:var(--h2_typography-font-family);--awb-caption-title-font-weight:var(--h2_typography-font-weight);--awb-caption-title-font-style:var(--h2_typography-font-style);--awb-caption-title-size:var(--h2_typography-font-size);--awb-caption-title-transform:var(--h2_typography-text-transform);--awb-caption-title-line-height:var(--h2_typography-line-height);--awb-caption-title-letter-spacing:var(--h2_typography-letter-spacing);\"><div class=\"imageframe-align-center\"><div class=\"awb-image-frame awb-image-frame-2 imageframe-liftup\"><span class=\" fusion-imageframe imageframe-dropshadow imageframe-2\" style=\"-webkit-box-shadow: 3px 3px 7px rgba(0,0,0,0.3);box-shadow: 3px 3px 7px rgba(0,0,0,0.3);\"><a class=\"fusion-no-lightbox\" href=\"https:\/\/www.institut-solidaris.be\/index.php\/statinfo-orthodontie\/\" target=\"_self\" aria-label=\"StatInfo_SoinsOrthodontiques_268x250\"><img decoding=\"async\" width=\"268\" height=\"250\" src=\"https:\/\/www.institut-solidaris.be\/wp-content\/uploads\/2026\/03\/StatInfo_SoinsOrthodontiques_268x250.jpg\" alt class=\"img-responsive wp-image-3453\" srcset=\"https:\/\/www.institut-solidaris.be\/wp-content\/uploads\/2026\/03\/StatInfo_SoinsOrthodontiques_268x250-200x187.jpg 200w, https:\/\/www.institut-solidaris.be\/wp-content\/uploads\/2026\/03\/StatInfo_SoinsOrthodontiques_268x250.jpg 268w\" sizes=\"(max-width: 800px) 100vw, 268px\" \/><\/a><\/span><\/div><\/div><\/div><\/div><\/div><div class=\"fusion-clearfix\"><\/div><\/div><\/div><div class=\"fusion-layout-column fusion_builder_column fusion-builder-column-2 fusion_builder_column_1_3 1_3 fusion-one-third\" style=\"--awb-bg-blend:overlay;--awb-bg-size:cover;width:30.6666%; margin-right: 4%;\"><div class=\"fusion-column-wrapper fusion-flex-column-wrapper-legacy\"><div class=\"fusion-column-content-centered\"><div class=\"fusion-column-content\"><div class=\"fusion-image-element fusion-image-align-center in-legacy-container\" style=\"text-align:center;--awb-liftup-border-radius:0px;--awb-caption-title-font-family:var(--h2_typography-font-family);--awb-caption-title-font-weight:var(--h2_typography-font-weight);--awb-caption-title-font-style:var(--h2_typography-font-style);--awb-caption-title-size:var(--h2_typography-font-size);--awb-caption-title-transform:var(--h2_typography-text-transform);--awb-caption-title-line-height:var(--h2_typography-line-height);--awb-caption-title-letter-spacing:var(--h2_typography-letter-spacing);\"><div class=\"imageframe-align-center\"><div class=\"awb-image-frame awb-image-frame-3 imageframe-liftup\"><span class=\" fusion-imageframe imageframe-dropshadow imageframe-3\" style=\"-webkit-box-shadow: 3px 3px 7px rgba(0,0,0,0.3);box-shadow: 3px 3px 7px rgba(0,0,0,0.3);\"><a class=\"fusion-no-lightbox\" href=\"https:\/\/www.institut-solidaris.be\/index.php\/retour-au-travail-a-temps-partiel\/\" target=\"_self\" aria-label=\"Retour-au-travail-\u00e0-temps-partie-268&#215;250\"><img decoding=\"async\" width=\"268\" height=\"250\" src=\"https:\/\/www.institut-solidaris.be\/wp-content\/uploads\/2026\/02\/Retour-au-travail-a-temps-partie-268x250-1.png\" alt class=\"img-responsive wp-image-3440\" srcset=\"https:\/\/www.institut-solidaris.be\/wp-content\/uploads\/2026\/02\/Retour-au-travail-a-temps-partie-268x250-1-200x187.png 200w, https:\/\/www.institut-solidaris.be\/wp-content\/uploads\/2026\/02\/Retour-au-travail-a-temps-partie-268x250-1.png 268w\" sizes=\"(max-width: 800px) 100vw, 268px\" \/><\/a><\/span><\/div><\/div><\/div><\/div><\/div><div class=\"fusion-clearfix\"><\/div><\/div><\/div><div class=\"fusion-layout-column fusion_builder_column fusion-builder-column-3 fusion_builder_column_1_3 1_3 fusion-one-third fusion-column-last\" style=\"--awb-bg-size:cover;width:30.6666%;\"><div class=\"fusion-column-wrapper fusion-column-has-shadow fusion-flex-column-wrapper-legacy\"><div class=\"fusion-column-content-centered\"><div class=\"fusion-column-content\"><div class=\"fusion-image-element fusion-image-align-center in-legacy-container\" style=\"text-align:center;--awb-liftup-border-radius:0px;--awb-caption-title-font-family:var(--h2_typography-font-family);--awb-caption-title-font-weight:var(--h2_typography-font-weight);--awb-caption-title-font-style:var(--h2_typography-font-style);--awb-caption-title-size:var(--h2_typography-font-size);--awb-caption-title-transform:var(--h2_typography-text-transform);--awb-caption-title-line-height:var(--h2_typography-line-height);--awb-caption-title-letter-spacing:var(--h2_typography-letter-spacing);\"><div class=\"imageframe-align-center\"><div class=\"awb-image-frame awb-image-frame-4 imageframe-liftup\"><span class=\" fusion-imageframe imageframe-dropshadow imageframe-4\" style=\"-webkit-box-shadow: 3px 3px 7px rgba(0,0,0,0.3);box-shadow: 3px 3px 7px rgba(0,0,0,0.3);\"><a class=\"fusion-no-lightbox\" href=\"https:\/\/www.institut-solidaris.be\/index.php\/bcbe2025\/\" target=\"_self\" aria-label=\"Barom\u00e8tre2025_268x250\"><img decoding=\"async\" width=\"268\" height=\"250\" src=\"https:\/\/www.institut-solidaris.be\/wp-content\/uploads\/2026\/02\/Barometre2025_268x250.png\" alt class=\"img-responsive wp-image-3411\" srcset=\"https:\/\/www.institut-solidaris.be\/wp-content\/uploads\/2026\/02\/Barometre2025_268x250-200x187.png 200w, https:\/\/www.institut-solidaris.be\/wp-content\/uploads\/2026\/02\/Barometre2025_268x250.png 268w\" sizes=\"(max-width: 800px) 100vw, 268px\" \/><\/a><\/span><\/div><\/div><\/div><\/div><\/div><div class=\"fusion-clearfix\"><\/div><\/div><\/div><\/div><\/div><div class=\"fusion-fullwidth fullwidth-box fusion-builder-row-3 nonhundred-percent-fullwidth non-hundred-percent-height-scrolling\" style=\"--awb-background-position:left top;--awb-border-sizes-top:0px;--awb-border-sizes-bottom:0px;--awb-border-sizes-left:0px;--awb-border-sizes-right:0px;--awb-border-radius-top-left:0px;--awb-border-radius-top-right:0px;--awb-border-radius-bottom-right:0px;--awb-border-radius-bottom-left:0px;--awb-padding-top:0px;--awb-padding-right:0px;--awb-padding-bottom:0px;--awb-padding-left:0px;--awb-background-color:#ffffff;--awb-flex-wrap:wrap;\" ><div class=\"fusion-builder-row fusion-row\"><div class=\"fusion-layout-column fusion_builder_column fusion-builder-column-4 fusion_builder_column_1_1 1_1 fusion-one-full fusion-column-first fusion-column-last\" style=\"--awb-bg-color:#ffffff;--awb-bg-color-hover:#ffffff;--awb-bg-size:cover;\"><div class=\"fusion-column-wrapper fusion-column-has-shadow fusion-flex-column-wrapper-legacy\"><div class=\"fusion-text fusion-text-3\" style=\"--awb-font-size:var(--awb-typography1-font-size);--awb-line-height:var(--awb-typography1-line-height);--awb-letter-spacing:var(--awb-typography1-letter-spacing);--awb-text-transform:none;--awb-margin-top:75px;--awb-text-font-family:var(--awb-typography1-font-family);--awb-text-font-weight:var(--awb-typography1-font-weight);--awb-text-font-style:var(--awb-typography1-font-style);\"><p style=\"text-align: center;\"><span style=\"color: #000000;\"><a style=\"color: #000000;\" href=\"http:\/\/www.tonavis.be\/register.asp\" target=\"new\" rel=\"noopener noreferrer\">Comment participer ?<\/a><\/span><\/p>\n<\/div><div class=\"fusion-text fusion-text-4\" style=\"--awb-font-size:var(--awb-typography4-font-size);--awb-line-height:var(--awb-typography4-line-height);--awb-letter-spacing:var(--awb-typography4-letter-spacing);--awb-text-transform:var(--awb-typography4-text-transform);--awb-text-font-family:var(--awb-typography4-font-family);--awb-text-font-weight:var(--awb-typography4-font-weight);--awb-text-font-style:var(--awb-typography4-font-style);\"><p style=\"text-align: center;\"><strong><span style=\"color: #000000;\">Vous souhaitez faire partie des personnes r\u00e9pondant \u00e0 nos enqu\u00eates ?<\/span><\/strong><br \/>\n<strong> <span style=\"color: #000000;\"> Votre profil nous int\u00e9resse peut-\u00eatre ?<\/span><\/strong><\/p>\n<\/div><div class=\"fusion-clearfix\"><\/div><\/div><\/div><div class=\"fusion-layout-column fusion_builder_column fusion-builder-column-5 fusion_builder_column_1_1 1_1 fusion-one-full fusion-column-first fusion-column-last\" style=\"--awb-bg-color:#ffffff;--awb-bg-color-hover:#ffffff;--awb-bg-size:cover;--awb-margin-bottom:0px;\"><div class=\"fusion-column-wrapper fusion-flex-column-wrapper-legacy\"><div class=\"fusion-flip-boxes flip-boxes row fusion-columns-3 flip-effect-classic\"><div class=\"fusion-flip-box-wrapper fusion-column col-lg-4 col-md-4 col-sm-4\"><div class=\"fusion-flip-box flip-right\" tabindex=\"0\"><div class=\"flip-box-inner-wrapper\"><div class=\"flip-box-front\" style=\"--awb-icon-color:var(--awb-color1);--awb-border-size:1px;--awb-border-radius:4px;\"><div class=\"flip-box-front-inner\"><div class=\"flip-box-grafix flip-box-image\"><img decoding=\"async\" src=\"https:\/\/www.institut-solidaris.be\/wp-content\/uploads\/2015\/12\/Boutton65px.png\" width=\"65\" height=\"65\" alt=\"\" \/><\/div><h2 class=\"flip-box-heading without-text\">S'inscrire<\/h2><\/div><\/div><div class=\"flip-box-back\" style=\"--awb-icon-color:var(--awb-color1);--awb-border-size:1px;--awb-border-radius:4px;--awb-background-color-back:var(--awb-custom11);\"><div class=\"flip-box-back-inner\"><h3 class=\"flip-box-heading-back\">Inscrivez-vous \u00e0 notre epanel via la plateforme Tonavis.be et recevez nos enqu\u00eates par mail<\/h3><\/div><\/div><\/div><\/div><\/div><div class=\"fusion-flip-box-wrapper fusion-column col-lg-4 col-md-4 col-sm-4\"><div class=\"fusion-flip-box flip-right\" tabindex=\"0\"><div class=\"flip-box-inner-wrapper\"><div class=\"flip-box-front\" style=\"--awb-border-size:1px;--awb-border-radius:4px;\"><div class=\"flip-box-front-inner\"><div class=\"flip-box-grafix flip-box-image\"><img decoding=\"async\" src=\"https:\/\/www.institut-solidaris.be\/wp-content\/uploads\/2015\/12\/Boutton65px2.png\" width=\"65\" height=\"65\" alt=\"\" \/><\/div><h2 class=\"flip-box-heading without-text\">Participer<\/h2><\/div><\/div><div class=\"flip-box-back\" style=\"--awb-border-size:1px;--awb-border-radius:4px;--awb-background-color-back:var(--awb-custom11);\"><div class=\"flip-box-back-inner\"><h3 class=\"flip-box-heading-back\">Participez \u00e0 nos enqu\u00eates en ligne et collectez des points<\/h3><\/div><\/div><\/div><\/div><\/div><div class=\"fusion-flip-box-wrapper fusion-column col-lg-4 col-md-4 col-sm-4\"><div class=\"fusion-flip-box flip-right\" tabindex=\"0\"><div class=\"flip-box-inner-wrapper\"><div class=\"flip-box-front\" style=\"--awb-border-size:1px;--awb-border-radius:4px;\"><div class=\"flip-box-front-inner\"><div class=\"flip-box-grafix flip-box-image\"><img decoding=\"async\" src=\"https:\/\/www.institut-solidaris.be\/wp-content\/uploads\/2015\/12\/Boutton65px3.png\" width=\"65\" height=\"65\" alt=\"\" \/><\/div><h2 class=\"flip-box-heading without-text\">Points \u00e0 r\u00e9colter<\/h2><\/div><\/div><div class=\"flip-box-back\" style=\"--awb-border-size:1px;--awb-border-radius:4px;--awb-background-color-back:var(--awb-custom11);\"><div class=\"flip-box-back-inner\"><h3 class=\"flip-box-heading-back\">40 points collect\u00e9s = 20\u20ac sur votre compte bancaire<\/h3><\/div><\/div><\/div><\/div><\/div><\/div><div class=\"clearfix\"><\/div><div class=\"fusion-clearfix\"><\/div><\/div><\/div><\/div><\/div><div class=\"fusion-fullwidth fullwidth-box fusion-builder-row-4 hundred-percent-fullwidth non-hundred-percent-height-scrolling\" style=\"--awb-border-radius-top-left:0px;--awb-border-radius-top-right:0px;--awb-border-radius-bottom-right:0px;--awb-border-radius-bottom-left:0px;--awb-overflow:visible;--awb-margin-top:50px;--awb-flex-wrap:wrap;\" ><div class=\"fusion-builder-row fusion-row\"><div class=\"fusion-layout-column fusion_builder_column fusion-builder-column-6 fusion_builder_column_1_1 1_1 fusion-one-full fusion-column-first fusion-column-last\" style=\"--awb-overflow:hidden;--awb-bg-color:var(--awb-color6);--awb-bg-color-hover:var(--awb-color6);--awb-bg-size:cover;--awb-border-radius:25px 25px 0px 0px;--awb-margin-bottom:0px;\"><div class=\"fusion-column-wrapper fusion-column-has-shadow fusion-flex-column-wrapper-legacy\"><div class=\"fusion-section-separator section-separator triangle fusion-section-separator-2\" style=\"--awb-border-top:0px solid #e41618;--awb-spacer-height:0px;--awb-svg-margin-left:0;--awb-svg-margin-right:0;--awb-icon-color:#e41618;\"><div class=\"fusion-section-separator-svg\"><div class=\"divider-candy-arrow top\" style=\"bottom:0px;border-bottom-color: var(--awb-color6);\"><\/div><div class=\"divider-candy top\" style=\"top:-20px;border-bottom:1px solid #e41618;border-left:1px solid #e41618;\"><\/div><\/div><div class=\"fusion-section-separator-spacer\"><div class=\"fusion-section-separator-spacer-height\"><\/div><\/div><\/div><div class=\"fusion-text fusion-text-5\"><p><span style=\"color: #e41618;\">r<\/span><\/p>\n<\/div><div class=\"fusion-builder-row fusion-builder-row-inner fusion-row\"><div class=\"fusion-layout-column fusion_builder_column_inner fusion-builder-nested-column-0 fusion_builder_column_inner_1_2 1_2 fusion-one-half fusion-column-first\" style=\"--awb-bg-size:cover;width:50%;width:calc(50% - ( ( 4% ) * 0.5 ) );margin-right: 4%;\"><div class=\"fusion-column-wrapper fusion-column-has-shadow fusion-flex-column-wrapper-legacy\"><div class=\"fusion-aligncenter\"><a class=\"fusion-button button-flat button-xlarge button-custom fusion-button-default button-1 fusion-button-default-span \" style=\"--button_accent_color:#ffffff;--button_accent_hover_color:#ffffff;--button_border_hover_color:#ffffff;--button_border_width-top:1px;--button_border_width-right:1px;--button_border_width-bottom:1px;--button_border_width-left:1px;--button_gradient_top_color:rgba(255,255,255,0);--button_gradient_bottom_color:rgba(255,255,255,0);--button_gradient_top_color_hover:#e41618;--button_gradient_bottom_color_hover:#e41618;--button_text_transform:capitalize;--button_typography-font-family:Arial, Helvetica, sans-serif;--button_typography-font-style:normal;--button_typography-font-weight:700;\" target=\"_blank\" rel=\"noopener noreferrer\" href=\"https:\/\/www.tonavis.be\/inscription\/\"><span class=\"fusion-button-text awb-button__text awb-button__text--default\">Devenir membre<\/span><\/a><\/div><div class=\"fusion-clearfix\"><\/div><\/div><\/div><div class=\"fusion-layout-column fusion_builder_column_inner fusion-builder-nested-column-1 fusion_builder_column_inner_1_2 1_2 fusion-one-half fusion-column-last\" style=\"--awb-bg-size:cover;width:50%;width:calc(50% - ( ( 4% ) * 0.5 ) );\"><div class=\"fusion-column-wrapper fusion-column-has-shadow fusion-flex-column-wrapper-legacy\"><div class=\"fusion-aligncenter\"><a class=\"fusion-button button-flat button-xlarge button-custom fusion-button-default button-2 fusion-button-default-span \" style=\"--button_accent_color:#ffffff;--button_accent_hover_color:#ffffff;--button_border_hover_color:#ffffff;--button_border_width-top:1px;--button_border_width-right:1px;--button_border_width-bottom:1px;--button_border_width-left:1px;--button_gradient_top_color:rgba(255,255,255,0);--button_gradient_bottom_color:rgba(255,255,255,0);--button_gradient_top_color_hover:#e41618;--button_gradient_bottom_color_hover:#e41618;--button_text_transform:none;--button_typography-font-family:Arial, Helvetica, sans-serif;--button_typography-font-style:normal;--button_typography-font-weight:700;\" target=\"_blank\" rel=\"noopener noreferrer\" href=\"https:\/\/www.institut-solidaris.be\/index.php\/inscription-a-la-newsletter\/\"><span class=\"fusion-button-text awb-button__text awb-button__text--default\">Recevoir nos \u00e9tudes et enqu\u00eates<\/span><\/a><\/div><div class=\"fusion-clearfix\"><\/div><\/div><\/div><\/div><div class=\"fusion-text fusion-text-6\"><p><span style=\"color: #e41618;\">r<\/span><\/p>\n<\/div><div class=\"fusion-clearfix\"><\/div><\/div><\/div><\/div><\/div><\/p>\n","protected":false},"excerpt":{"rendered":"","protected":false},"author":1,"featured_media":0,"parent":0,"menu_order":0,"comment_status":"closed","ping_status":"closed","template":"","meta":{"footnotes":""},"class_list":["post-120","page","type-page","status-publish","hentry"],"_links":{"self":[{"href":"https:\/\/www.institut-solidaris.be\/index.php\/wp-json\/wp\/v2\/pages\/120","targetHints":{"allow":["GET"]}}],"collection":[{"href":"https:\/\/www.institut-solidaris.be\/index.php\/wp-json\/wp\/v2\/pages"}],"about":[{"href":"https:\/\/www.institut-solidaris.be\/index.php\/wp-json\/wp\/v2\/types\/page"}],"author":[{"embeddable":true,"href":"https:\/\/www.institut-solidaris.be\/index.php\/wp-json\/wp\/v2\/users\/1"}],"replies":[{"embeddable":true,"href":"https:\/\/www.institut-solidaris.be\/index.php\/wp-json\/wp\/v2\/comments?post=120"}],"version-history":[{"count":363,"href":"https:\/\/www.institut-solidaris.be\/index.php\/wp-json\/wp\/v2\/pages\/120\/revisions"}],"predecessor-version":[{"id":3464,"href":"https:\/\/www.institut-solidaris.be\/index.php\/wp-json\/wp\/v2\/pages\/120\/revisions\/3464"}],"wp:attachment":[{"href":"https:\/\/www.institut-solidaris.be\/index.php\/wp-json\/wp\/v2\/media?parent=120"}],"curies":[{"name":"wp","href":"https:\/\/api.w.org\/{rel}","templated":true}]}}