{"id":1175,"date":"2017-07-02T15:15:00","date_gmt":"2017-07-02T14:15:00","guid":{"rendered":"https:\/\/www.institut-solidaris.be\/?page_id=1175"},"modified":"2019-12-16T11:04:26","modified_gmt":"2019-12-16T10:04:26","slug":"confiance-media","status":"publish","type":"page","link":"https:\/\/www.institut-solidaris.be\/index.php\/confiance-media\/","title":{"rendered":"La confiance des Belges dans les M\u00e9dias"},"content":{"rendered":"<div class=\"fusion-fullwidth fullwidth-box fusion-builder-row-1 nonhundred-percent-fullwidth non-hundred-percent-height-scrolling\" style=\"--awb-background-position:left top;--awb-border-radius-top-left:0px;--awb-border-radius-top-right:0px;--awb-border-radius-bottom-right:0px;--awb-border-radius-bottom-left:0px;--awb-padding-top:20px;--awb-padding-bottom:20px;--awb-border-sizes-top:0px;--awb-border-sizes-bottom:0px;--awb-flex-wrap:wrap;\" ><div class=\"fusion-builder-row fusion-row\"><div class=\"fusion-layout-column fusion_builder_column fusion-builder-column-0 fusion_builder_column_1_2 1_2 fusion-one-half fusion-column-first\" style=\"--awb-bg-size:cover;width:48%; margin-right: 4%;\"><div class=\"fusion-column-wrapper fusion-flex-column-wrapper-legacy\"><div class=\"fusion-slider-sc fusion-flexslider-loading flexslider flexslider-hover-type-none\" data-slideshow_autoplay=\"1\" data-slideshow_smooth_height=\"0\" data-slideshow_speed=\"7000\" style=\"max-width:100%;height:100%;\"><ul class=\"slides\"><li class=\"image\"><span class=\"fusion-image-hover-element hover-type-none\"><img decoding=\"async\" src=\"https:\/\/www.institut-solidaris.be\/wp-content\/uploads\/2017\/06\/ImageCarousel_ConfianceMedias_600x350.jpg\" width=\"600\" height=\"350\" \/><\/span><\/li><\/ul><\/div><div class=\"fusion-clearfix\"><\/div><\/div><\/div><div class=\"fusion-layout-column fusion_builder_column fusion-builder-column-1 fusion_builder_column_1_2 1_2 fusion-one-half fusion-column-last\" style=\"--awb-bg-size:cover;width:48%;\"><div class=\"fusion-column-wrapper fusion-flex-column-wrapper-legacy\"><div class=\"fusion-text fusion-text-1\"><h2 style=\"text-align: justify;\"><span style=\"color: #ff0000;\">Les Belges r\u00e9clament plus de culture et de sant\u00e9 dans les m\u00e9dias !<br \/>\n<\/span><\/h2>\n<p style=\"text-align: justify;\"><strong>Grands perdants du classement des acteurs de la soci\u00e9t\u00e9 auxquels les Belges accordent leur confiance, la presse et les journalistes comptent pourtant parmi les garants indispensables de la d\u00e9mocratie. Mais quelles sont les habitudes et les attentes des Belges quant aux m\u00e9dias ?\u00a0<\/strong><\/p>\n<p style=\"text-align: justify;\">Que ce soit au travers des enqu\u00eates Thermom\u00e8tre ou des Barom\u00e8tres \u00ab\u00a0Confiance et Bien-\u00eatre\u00a0\u00bb <strong><a href=\"https:\/\/www.institut-solidaris.be\/index.php\/barometre-confiance-bien-etre-2015\/\" target=\"_blank\" rel=\"noopener noreferrer\">2016<\/a><\/strong> et <strong><a href=\"https:\/\/www.institut-solidaris.be\/index.php\/barometre-confiance-bien-etre-2016\/\" target=\"_blank\" rel=\"noopener noreferrer\">2017<\/a><\/strong>, nous avons mesur\u00e9 \u00e0 plusieurs reprises que les Belges donnent de moins en moins de cr\u00e9dit aux m\u00e9dias. C&rsquo;est pourquoi Solidaris a, plus particuli\u00e8rement, souhait\u00e9 s\u2019int\u00e9resser \u00e0 la relation qui existe entre eux et une population de plus en plus en perte de rep\u00e8res.<\/p>\n<p style=\"text-align: justify;\">792 Belges francophones repr\u00e9sentatifs de la population ont r\u00e9pondu \u00e0 cette enqu\u00eate.<\/p>\n<p style=\"text-align: justify;\">M\u00eame s&rsquo;ils sont m\u00e9fiants par rapport aux m\u00e9dias, les Belges restent de gros consommateurs d&rsquo;informations. En effet, plus de 8 sur 10 d\u00e9clarent, avoir un engouement pour l&rsquo;actualit\u00e9 et suivre les informations au moins une fois par jour.<\/p>\n<p style=\"text-align: justify;\">L&rsquo;information se densifie, l&rsquo;espace-\u00e9cran \u00e9volue et l&rsquo;on observe clairement que les habitudes diff\u00e8rent selon les g\u00e9n\u00e9rations.<\/p>\n<p style=\"text-align: justify;\">Alors qu&rsquo;ils sont 75% \u00e0\u00a0 utiliser internet pour s&rsquo;informer, \u00e0 commencer par les jeunes \u00e2g\u00e9s de 18 \u00e0 30 ans (92%), la t\u00e9l\u00e9vision domine le peloton de t\u00eate restant le support d&rsquo;information majoritaire (88%). Ce choix s&rsquo;op\u00e8re principalement chez les plus de 60 ans (50%). De son c\u00f4t\u00e9, la radio reste pl\u00e9biscit\u00e9e par pr\u00e8s de 6 personnes sur 10 et continue g\u00e9n\u00e9ralement d&rsquo;int\u00e9resser les personnes actives et les groupes sociaux plus \u00e9l\u00e9v\u00e9s. La presse papier, quant \u00e0 elle, ne s\u00e9duit que 38,3% des sond\u00e9s. Une presse parfois plus consult\u00e9e dans son format num\u00e9rique, via les applications mobiles et les sites web.<\/p>\n<p style=\"text-align: justify;\">Concernant le contenu, l&rsquo;int\u00e9r\u00eat manifest\u00e9 par les personnes interrog\u00e9es touche principalement la sant\u00e9 (75%) et la culture (56%)\u00a0qu&rsquo;elles jugent trop peu pr\u00e9sentes. En effet, 4 sond\u00e9s sur 10 estiment que ces th\u00e9matiques n&rsquo;occupent pas suffisamment le devant de la sc\u00e8ne m\u00e9diatique. Un constat inverse se dessine lorsqu&rsquo;il est question de politique et d&rsquo;actualit\u00e9s people, deux th\u00e8mes qui suscitent moins d&rsquo;int\u00e9r\u00eats (49% et 22%) mais que les m\u00e9dias couvrent trop souvent au regard des r\u00e9pondants. Respectivement 70% et 67%.<\/p>\n<p style=\"text-align: justify;\">Au cours des derniers mois, certains sujets ont monopolis\u00e9 l&rsquo;espace m\u00e9diatique, au d\u00e9pend d&rsquo;autres. 68% des personnes interrog\u00e9es estiment que les \u00e9lections fran\u00e7aises ont \u00e9t\u00e9 trop m\u00e9diatis\u00e9s en Belgique. Il en est de m\u00eame pour l&rsquo;affaire Publifin\/Nethys pour 47% d&rsquo;entre eux. Par contre, environ un sur 2 trouve que les m\u00e9dias n&rsquo;ont pas assez trait\u00e9 de la baisse de remboursement des m\u00e9dicaments.<\/p>\n<p style=\"text-align: justify;\">Un d\u00e9calage s&rsquo;op\u00e8re entre les individus et les journalistes, une forme de d\u00e9fiance s&rsquo;installe. Seuls 33 % des sond\u00e9s estiment que les journalistes restent connect\u00e9s \u00e0 ce que vivent r\u00e9ellement les gens au quotidien. Enfin, l&rsquo;ind\u00e9pendance des m\u00e9dias s&rsquo;av\u00e8re \u00eatre quelque peu remise en cause. Alors que 68% des personnes interrog\u00e9es reconnaissent que les m\u00e9dias subissent des pressions politiques, elles ne sont plus que 31% \u00e0 estimer que les journalistes y r\u00e9sistent r\u00e9ellement.<\/p>\n<p style=\"text-align: justify;\"><a href=\"https:\/\/www.institut-solidaris.be\/wp-content\/uploads\/2017\/07\/LaConfianceDansLesMedias.pdf\" target=\"_blank\" rel=\"noopener noreferrer\"><img decoding=\"async\" class=\"alignnone wp-image-112 size-full\" src=\"https:\/\/www.institut-solidaris.be\/wp-content\/uploads\/2015\/12\/icone-pdf.gif\" alt=\"Consulter l'int\u00e9gralit\u00e9 de l'enqu\u00eate\" width=\"32\" height=\"32\" \/><\/a><span style=\"text-decoration: underline;\"><a href=\"https:\/\/www.institut-solidaris.be\/wp-content\/uploads\/2017\/07\/LaConfianceDansLesMedias.pdf\" target=\"_blank\" rel=\"noopener noreferrer\">Consulter l&rsquo;int\u00e9gralit\u00e9 de l&rsquo;enqu\u00eate<\/a><\/span><\/p>\n<p style=\"text-align: justify;\">En plus de veiller \u00e0 d\u00e9fendre et offrir une s\u00e9curit\u00e9 sociale humaine et solidaire, Solidaris, en tant qu&rsquo;acteur social, politique et citoyen, souhaite \u00e9galement participer, encourager questionner et nourrir les d\u00e9bats de soci\u00e9t\u00e9.<\/p>\n<\/div><div class=\"fusion-clearfix\"><\/div><\/div><\/div><div class=\"fusion-layout-column fusion_builder_column fusion-builder-column-2 fusion_builder_column_1_1 1_1 fusion-one-full fusion-column-first fusion-column-last fusion-column-no-min-height\" style=\"--awb-bg-size:cover;--awb-margin-bottom:0px;\"><div class=\"fusion-column-wrapper fusion-flex-column-wrapper-legacy\"><div class=\"fusion-title title fusion-title-1 fusion-title-text fusion-title-size-two\" style=\"--awb-margin-top-small:0px;--awb-margin-right-small:0px;--awb-margin-bottom-small:20px;--awb-margin-left-small:0px;\"><h2 class=\"fusion-title-heading title-heading-left\" style=\"margin:0;\">En chiffres<\/h2><span class=\"awb-title-spacer\"><\/span><div class=\"title-sep-container\"><div class=\"title-sep sep-double sep-solid\" style=\"border-color:#e0dede;\"><\/div><\/div><\/div><div class=\"fusion-clearfix\"><\/div><\/div><\/div><div class=\"fusion-layout-column fusion_builder_column fusion-builder-column-3 fusion_builder_column_1_2 1_2 fusion-one-half fusion-column-first\" style=\"--awb-bg-size:cover;width:48%; margin-right: 4%;\"><div class=\"fusion-column-wrapper fusion-flex-column-wrapper-legacy\"><div class=\"fusion-progressbar\" style=\"--awb-textcolor:#000000;--awb-filledcolor:#e41618;--awb-unfilledcolor:#f7f7f7;--awb-filledbordercolor:#e41618;--awb-maximum-value-wrapper-width:44%;\"><div class=\"fusion-progressbar-bar progress-bar\"><div class=\"progress progress-bar-content not-animated\" role=\"progressbar\" aria-labelledby=\"awb-progressbar-label-1\" aria-valuemin=\"0\" aria-valuemax=\"100\" aria-valuenow=\"56\" data-filling-speed=\"600\"><span class=\"progress-title awb-on-bar\"><span class=\"fusion-progressbar-text\" id=\"awb-progressbar-label-1\">Ils s&rsquo;int\u00e9ressent \u00e0 l&rsquo;actualit\u00e9 culturelle. <\/span> <span class=\"fusion-progressbar-value\">56%<\/span><\/span><\/div><span class=\"awb-pb-max-value-wrap awb-on-bar\"><span class=\"awb-pb-max-value-text\"><\/span><\/span><\/div><\/div><div class=\"fusion-progressbar\" style=\"--awb-textcolor:#000000;--awb-filledcolor:#e41618;--awb-unfilledcolor:#f7f7f7;--awb-filledbordercolor:#e41618;--awb-maximum-value-wrapper-width:25%;\"><div class=\"fusion-progressbar-bar progress-bar\"><div class=\"progress progress-bar-content not-animated\" role=\"progressbar\" aria-labelledby=\"awb-progressbar-label-2\" aria-valuemin=\"0\" aria-valuemax=\"100\" aria-valuenow=\"75\" data-filling-speed=\"600\"><span class=\"progress-title awb-on-bar\"><span class=\"fusion-progressbar-text\" id=\"awb-progressbar-label-2\">Ils s&rsquo;int\u00e9ressent \u00e0 l&rsquo;actualit\u00e9 sant\u00e9.<\/span> <span class=\"fusion-progressbar-value\">75%<\/span><\/span><\/div><span class=\"awb-pb-max-value-wrap awb-on-bar\"><span class=\"awb-pb-max-value-text\"><\/span><\/span><\/div><\/div><div class=\"fusion-progressbar\" style=\"--awb-textcolor:#000000;--awb-filledcolor:#e41618;--awb-unfilledcolor:#f7f7f7;--awb-filledbordercolor:#e41618;--awb-maximum-value-wrapper-width:58%;\"><div class=\"fusion-progressbar-bar progress-bar\"><div class=\"progress progress-bar-content not-animated\" role=\"progressbar\" aria-labelledby=\"awb-progressbar-label-3\" aria-valuemin=\"0\" aria-valuemax=\"100\" aria-valuenow=\"42\" data-filling-speed=\"600\"><span class=\"progress-title awb-on-bar\"><span class=\"fusion-progressbar-text\" id=\"awb-progressbar-label-3\">Ils consid\u00e8rent que les m\u00e9dias ne parlent pas assez de l&rsquo;actualit\u00e9 sant\u00e9. <\/span> <span class=\"fusion-progressbar-value\">42%<\/span><\/span><\/div><span class=\"awb-pb-max-value-wrap awb-on-bar\"><span class=\"awb-pb-max-value-text\"><\/span><\/span><\/div><\/div><div class=\"fusion-progressbar\" style=\"--awb-textcolor:#000000;--awb-filledcolor:#e41618;--awb-unfilledcolor:#f7f7f7;--awb-filledbordercolor:#e41618;--awb-maximum-value-wrapper-width:30%;\"><div class=\"fusion-progressbar-bar progress-bar\"><div class=\"progress progress-bar-content not-animated\" role=\"progressbar\" aria-labelledby=\"awb-progressbar-label-4\" aria-valuemin=\"0\" aria-valuemax=\"100\" aria-valuenow=\"70\" data-filling-speed=\"600\"><span class=\"progress-title awb-on-bar\"><span class=\"fusion-progressbar-text\" id=\"awb-progressbar-label-4\">Ils consid\u00e8rent que les m\u00e9dias parlent trop de l&rsquo;actualit\u00e9 politique.<\/span> <span class=\"fusion-progressbar-value\">70%<\/span><\/span><\/div><span class=\"awb-pb-max-value-wrap awb-on-bar\"><span class=\"awb-pb-max-value-text\"><\/span><\/span><\/div><\/div><div class=\"fusion-progressbar\" style=\"--awb-textcolor:#000000;--awb-filledcolor:#e41618;--awb-unfilledcolor:#f7f7f7;--awb-filledbordercolor:#e41618;--awb-maximum-value-wrapper-width:33%;\"><div class=\"fusion-progressbar-bar progress-bar\"><div class=\"progress progress-bar-content not-animated\" role=\"progressbar\" aria-labelledby=\"awb-progressbar-label-5\" aria-valuemin=\"0\" aria-valuemax=\"100\" aria-valuenow=\"67\" data-filling-speed=\"600\"><span class=\"progress-title awb-on-bar\"><span class=\"fusion-progressbar-text\" id=\"awb-progressbar-label-5\">Ils consid\u00e8rent que les m\u00e9dias parlent trop de l&rsquo;actualit\u00e9 people.<\/span> <span class=\"fusion-progressbar-value\">67%<\/span><\/span><\/div><span class=\"awb-pb-max-value-wrap awb-on-bar\"><span class=\"awb-pb-max-value-text\"><\/span><\/span><\/div><\/div><div class=\"fusion-progressbar\" style=\"--awb-textcolor:#000000;--awb-filledcolor:#e41618;--awb-unfilledcolor:#f7f7f7;--awb-filledbordercolor:#e41618;--awb-maximum-value-wrapper-width:71%;\"><div class=\"fusion-progressbar-bar progress-bar\"><div class=\"progress progress-bar-content not-animated\" role=\"progressbar\" aria-labelledby=\"awb-progressbar-label-6\" aria-valuemin=\"0\" aria-valuemax=\"100\" aria-valuenow=\"29\" data-filling-speed=\"600\"><span class=\"progress-title awb-on-bar\"><span class=\"fusion-progressbar-text\" id=\"awb-progressbar-label-6\">Les m\u00e9dias r\u00e9sistent vraiment aux pressions financi\u00e8res.<\/span> <span class=\"fusion-progressbar-value\">29%<\/span><\/span><\/div><span class=\"awb-pb-max-value-wrap awb-on-bar\"><span class=\"awb-pb-max-value-text\"><\/span><\/span><\/div><\/div><div class=\"fusion-progressbar\" style=\"--awb-textcolor:#000000;--awb-filledcolor:#e41618;--awb-unfilledcolor:#f7f7f7;--awb-filledbordercolor:#e41618;--awb-maximum-value-wrapper-width:27%;\"><div class=\"fusion-progressbar-bar progress-bar\"><div class=\"progress progress-bar-content not-animated\" role=\"progressbar\" aria-labelledby=\"awb-progressbar-label-7\" aria-valuemin=\"0\" aria-valuemax=\"100\" aria-valuenow=\"73\" data-filling-speed=\"600\"><span class=\"progress-title awb-on-bar\"><span class=\"fusion-progressbar-text\" id=\"awb-progressbar-label-7\">L&rsquo;acc\u00e8s \u00e0 une information sant\u00e9 de qualit\u00e9 est important pour prendre soin de sa sant\u00e9.<\/span> <span class=\"fusion-progressbar-value\">73%<\/span><\/span><\/div><span class=\"awb-pb-max-value-wrap awb-on-bar\"><span class=\"awb-pb-max-value-text\"><\/span><\/span><\/div><\/div><div class=\"fusion-clearfix\"><\/div><\/div><\/div><div class=\"fusion-layout-column fusion_builder_column fusion-builder-column-4 fusion_builder_column_1_2 1_2 fusion-one-half fusion-column-last\" style=\"--awb-bg-size:cover;width:48%;\"><div class=\"fusion-column-wrapper fusion-flex-column-wrapper-legacy\"><div class=\"fusion-progressbar\" style=\"--awb-textcolor:#000000;--awb-filledcolor:#e41618;--awb-unfilledcolor:#f7f7f7;--awb-filledbordercolor:#e41618;--awb-maximum-value-wrapper-width:12%;\"><div class=\"fusion-progressbar-bar progress-bar\"><div class=\"progress progress-bar-content not-animated\" role=\"progressbar\" aria-labelledby=\"awb-progressbar-label-8\" aria-valuemin=\"0\" aria-valuemax=\"100\" aria-valuenow=\"88\" data-filling-speed=\"600\"><span class=\"progress-title awb-on-bar\"><span class=\"fusion-progressbar-text\" id=\"awb-progressbar-label-8\">Ils s&rsquo;informent via la t\u00e9l\u00e9vision.<\/span> <span class=\"fusion-progressbar-value\">88%<\/span><\/span><\/div><span class=\"awb-pb-max-value-wrap awb-on-bar\"><span class=\"awb-pb-max-value-text\"><\/span><\/span><\/div><\/div><div class=\"fusion-progressbar\" style=\"--awb-textcolor:#000000;--awb-filledcolor:#e41618;--awb-unfilledcolor:#f7f7f7;--awb-filledbordercolor:#e41618;--awb-maximum-value-wrapper-width:25%;\"><div class=\"fusion-progressbar-bar progress-bar\"><div class=\"progress progress-bar-content not-animated\" role=\"progressbar\" aria-labelledby=\"awb-progressbar-label-9\" aria-valuemin=\"0\" aria-valuemax=\"100\" aria-valuenow=\"75\" data-filling-speed=\"600\"><span class=\"progress-title awb-on-bar\"><span class=\"fusion-progressbar-text\" id=\"awb-progressbar-label-9\">Ils s&rsquo;informent via internet.<\/span> <span class=\"fusion-progressbar-value\">75%<\/span><\/span><\/div><span class=\"awb-pb-max-value-wrap awb-on-bar\"><span class=\"awb-pb-max-value-text\"><\/span><\/span><\/div><\/div><div class=\"fusion-progressbar\" style=\"--awb-textcolor:#000000;--awb-filledcolor:#e41618;--awb-unfilledcolor:#f7f7f7;--awb-filledbordercolor:#e41618;--awb-maximum-value-wrapper-width:40%;\"><div class=\"fusion-progressbar-bar progress-bar\"><div class=\"progress progress-bar-content not-animated\" role=\"progressbar\" aria-labelledby=\"awb-progressbar-label-10\" aria-valuemin=\"0\" aria-valuemax=\"100\" aria-valuenow=\"60\" data-filling-speed=\"600\"><span class=\"progress-title awb-on-bar\"><span class=\"fusion-progressbar-text\" id=\"awb-progressbar-label-10\">Ils s&rsquo;informent via la radio.<\/span> <span class=\"fusion-progressbar-value\">60%<\/span><\/span><\/div><span class=\"awb-pb-max-value-wrap awb-on-bar\"><span class=\"awb-pb-max-value-text\"><\/span><\/span><\/div><\/div><div class=\"fusion-progressbar\" style=\"--awb-textcolor:#000000;--awb-filledcolor:#e41618;--awb-unfilledcolor:#f7f7f7;--awb-filledbordercolor:#e41618;--awb-maximum-value-wrapper-width:62%;\"><div class=\"fusion-progressbar-bar progress-bar\"><div class=\"progress progress-bar-content not-animated\" role=\"progressbar\" aria-labelledby=\"awb-progressbar-label-11\" aria-valuemin=\"0\" aria-valuemax=\"100\" aria-valuenow=\"38\" data-filling-speed=\"600\"><span class=\"progress-title awb-on-bar\"><span class=\"fusion-progressbar-text\" id=\"awb-progressbar-label-11\">Ils s&rsquo;informent via la presse papier.<\/span> <span class=\"fusion-progressbar-value\">38%<\/span><\/span><\/div><span class=\"awb-pb-max-value-wrap awb-on-bar\"><span class=\"awb-pb-max-value-text\"><\/span><\/span><\/div><\/div><div class=\"fusion-progressbar\" style=\"--awb-textcolor:#000000;--awb-filledcolor:#e41618;--awb-unfilledcolor:#f7f7f7;--awb-filledbordercolor:#e41618;--awb-maximum-value-wrapper-width:32%;\"><div class=\"fusion-progressbar-bar progress-bar\"><div class=\"progress progress-bar-content not-animated\" role=\"progressbar\" aria-labelledby=\"awb-progressbar-label-12\" aria-valuemin=\"0\" aria-valuemax=\"100\" aria-valuenow=\"68\" data-filling-speed=\"600\"><span class=\"progress-title awb-on-bar\"><span class=\"fusion-progressbar-text\" id=\"awb-progressbar-label-12\">Les m\u00e9dias ont trop parl\u00e9 des \u00e9lections fran\u00e7aises.<\/span> <span class=\"fusion-progressbar-value\">68%<\/span><\/span><\/div><span class=\"awb-pb-max-value-wrap awb-on-bar\"><span class=\"awb-pb-max-value-text\"><\/span><\/span><\/div><\/div><div class=\"fusion-progressbar\" style=\"--awb-textcolor:#000000;--awb-filledcolor:#e41618;--awb-unfilledcolor:#f7f7f7;--awb-filledbordercolor:#e41618;--awb-maximum-value-wrapper-width:69%;\"><div class=\"fusion-progressbar-bar progress-bar\"><div class=\"progress progress-bar-content not-animated\" role=\"progressbar\" aria-labelledby=\"awb-progressbar-label-13\" aria-valuemin=\"0\" aria-valuemax=\"100\" aria-valuenow=\"31\" data-filling-speed=\"600\"><span class=\"progress-title awb-on-bar\"><span class=\"fusion-progressbar-text\" id=\"awb-progressbar-label-13\">Les m\u00e9dias r\u00e9sistent vraiment aux pressions politiques. <\/span> <span class=\"fusion-progressbar-value\">31%<\/span><\/span><\/div><span class=\"awb-pb-max-value-wrap awb-on-bar\"><span class=\"awb-pb-max-value-text\"><\/span><\/span><\/div><\/div><div class=\"fusion-progressbar\" style=\"--awb-textcolor:#000000;--awb-filledcolor:#e41618;--awb-unfilledcolor:#f7f7f7;--awb-filledbordercolor:#e41618;--awb-maximum-value-wrapper-width:67%;\"><div class=\"fusion-progressbar-bar progress-bar\"><div class=\"progress progress-bar-content not-animated\" role=\"progressbar\" aria-labelledby=\"awb-progressbar-label-14\" aria-valuemin=\"0\" aria-valuemax=\"100\" aria-valuenow=\"33\" data-filling-speed=\"600\"><span class=\"progress-title awb-on-bar\"><span class=\"fusion-progressbar-text\" id=\"awb-progressbar-label-14\">Les journalistes se rendent tout \u00e0 fait compte de ce que vivent les gens au quotidien.<\/span> <span class=\"fusion-progressbar-value\">33%<\/span><\/span><\/div><span class=\"awb-pb-max-value-wrap awb-on-bar\"><span class=\"awb-pb-max-value-text\"><\/span><\/span><\/div><\/div><div class=\"fusion-clearfix\"><\/div><\/div><\/div><\/div><\/div>\n","protected":false},"excerpt":{"rendered":"","protected":false},"author":2,"featured_media":0,"parent":0,"menu_order":0,"comment_status":"closed","ping_status":"closed","template":"","meta":{"footnotes":""},"class_list":["post-1175","page","type-page","status-publish","hentry"],"_links":{"self":[{"href":"https:\/\/www.institut-solidaris.be\/index.php\/wp-json\/wp\/v2\/pages\/1175","targetHints":{"allow":["GET"]}}],"collection":[{"href":"https:\/\/www.institut-solidaris.be\/index.php\/wp-json\/wp\/v2\/pages"}],"about":[{"href":"https:\/\/www.institut-solidaris.be\/index.php\/wp-json\/wp\/v2\/types\/page"}],"author":[{"embeddable":true,"href":"https:\/\/www.institut-solidaris.be\/index.php\/wp-json\/wp\/v2\/users\/2"}],"replies":[{"embeddable":true,"href":"https:\/\/www.institut-solidaris.be\/index.php\/wp-json\/wp\/v2\/comments?post=1175"}],"version-history":[{"count":57,"href":"https:\/\/www.institut-solidaris.be\/index.php\/wp-json\/wp\/v2\/pages\/1175\/revisions"}],"predecessor-version":[{"id":1896,"href":"https:\/\/www.institut-solidaris.be\/index.php\/wp-json\/wp\/v2\/pages\/1175\/revisions\/1896"}],"wp:attachment":[{"href":"https:\/\/www.institut-solidaris.be\/index.php\/wp-json\/wp\/v2\/media?parent=1175"}],"curies":[{"name":"wp","href":"https:\/\/api.w.org\/{rel}","templated":true}]}}