{"id":1089,"date":"2017-05-08T14:08:00","date_gmt":"2017-05-08T13:08:00","guid":{"rendered":"https:\/\/www.institut-solidaris.be\/?page_id=1089"},"modified":"2020-01-17T08:59:39","modified_gmt":"2020-01-17T07:59:39","slug":"les-80-ans-et-plus","status":"publish","type":"page","link":"https:\/\/www.institut-solidaris.be\/index.php\/les-80-ans-et-plus\/","title":{"rendered":"Comment vont les 80 ans et plus ?"},"content":{"rendered":"<div class=\"fusion-fullwidth fullwidth-box fusion-builder-row-1 nonhundred-percent-fullwidth non-hundred-percent-height-scrolling\" style=\"--awb-background-position:left top;--awb-border-radius-top-left:0px;--awb-border-radius-top-right:0px;--awb-border-radius-bottom-right:0px;--awb-border-radius-bottom-left:0px;--awb-padding-top:20px;--awb-padding-bottom:20px;--awb-border-sizes-top:0px;--awb-border-sizes-bottom:0px;--awb-flex-wrap:wrap;\" ><div class=\"fusion-builder-row fusion-row\"><div class=\"fusion-layout-column fusion_builder_column fusion-builder-column-0 fusion_builder_column_1_2 1_2 fusion-one-half fusion-column-first\" style=\"--awb-bg-size:cover;width:48%; margin-right: 4%;\"><div class=\"fusion-column-wrapper fusion-flex-column-wrapper-legacy\"><div class=\"fusion-slider-sc fusion-flexslider-loading flexslider flexslider-hover-type-none\" data-slideshow_autoplay=\"1\" data-slideshow_smooth_height=\"0\" data-slideshow_speed=\"7000\" style=\"max-width:100%;height:100%;\"><ul class=\"slides\"><li class=\"image\"><span class=\"fusion-image-hover-element hover-type-none\"><img decoding=\"async\" src=\"https:\/\/www.institut-solidaris.be\/wp-content\/uploads\/2017\/05\/ImageCarousel_Thermometre10_600x350.jpg\" width=\"600\" height=\"350\" \/><\/span><\/li><\/ul><\/div><div class=\"youtube_player\" videoID=\"36BjrUvd6xo\" width=\"528\" height=\"308\" theme=\"dark\" rel=\"0\" controls=\"1\" showinfo=\"1\" autoplay=\"0\"><\/div><div class=\"fusion-clearfix\"><\/div><\/div><\/div><div class=\"fusion-layout-column fusion_builder_column fusion-builder-column-1 fusion_builder_column_1_2 1_2 fusion-one-half fusion-column-last\" style=\"--awb-bg-size:cover;width:48%;\"><div class=\"fusion-column-wrapper fusion-flex-column-wrapper-legacy\"><div class=\"fusion-text fusion-text-1\"><h2><span style=\"color: #ff0000;\">Regards sur la vieillesse : entre clich\u00e9s et r\u00e9alit\u00e9<br \/>\n<\/span><\/h2>\n<p style=\"text-align: justify;\"><strong>Pour son 10<sup>e<\/sup> volet, le Thermom\u00e8tre Solidaris a souhait\u00e9 se pencher sur les \u00ab\u00a080 ans et plus\u00a0\u00bb en interrogeant pr\u00e8s de 450 personnes en face \u00e0 face. A ce jour, rares encore sont les \u00e9tudes portant sur cette population du 3<sup>e<\/sup> et 4<sup>e<\/sup> \u00e2ge.<\/strong><\/p>\n<p style=\"text-align: justify;\">Jamais le nombre de personnes \u00e2g\u00e9es de 80 ans et plus n\u2019a \u00e9t\u00e9 aussi \u00e9lev\u00e9 dans la soci\u00e9t\u00e9. En un peu moins de 25 ans, cette population a m\u00eame doubl\u00e9 passant de 155.721 personnes en 1990 \u00e0 235.077 en 2013.<\/p>\n<p style=\"text-align: justify;\">Paradoxalement, alors que ces adultes du 3<sup>e<\/sup> et 4<sup>e<\/sup> \u00e2ge sont de plus en plus nombreux, la soci\u00e9t\u00e9, empreinte d\u2019un culte de la jeunesse, pas toujours pleinement assum\u00e9, porte rarement un regard positif sur le vieillissement, et cela, tant sur le plan social \u2013 l\u2019assimilant \u00e0 la maladie, au handicap, \u00e0 la d\u00e9pendance, \u00e0 la d\u00e9mence, \u2026 &#8211; que sur le plan \u00e9conomique \u2013 li\u00e9 aux financements des syst\u00e8mes de retraite et de soins &#8211; .<\/p>\n<p style=\"text-align: justify;\">L\u2019allongement de l\u2019esp\u00e9rance de vie a, ind\u00e9niablement, fini par modifier la vision de la vieillesse. Ce contexte s\u2019accompagne d\u2019une multitude de clich\u00e9s que l\u2019on a tendance \u00e0 associer \u00e0 cette tranche de la population, \u00e0 commencer par celui qui laisse supposer que les plus \u00e2g\u00e9s n\u2019ont plus le moral.<\/p>\n<p style=\"text-align: justify;\">Il s\u2019agit d\u2019une premi\u00e8re id\u00e9e re\u00e7ue car 40% des \u00ab 80 ans et plus \u00bb ne sont jamais anxieux, angoiss\u00e9s ou en d\u00e9pression, par rapport \u00e0 la population totale (14%).<\/p>\n<p>un autre clich\u00e9 \u00e0 d\u00e9monter est celui de leur d\u00e9pendance.<\/p>\n<p>Pas question de quitter son chez soi. 42% jugent inenvisageable d\u2019aller vivre en maison de repos, on passe \u00e0 68% s\u2019il s\u2019agit d\u2019aller vivre chez un proche. Ils r\u00e9clament simplement le droit de vivre chez eux, en \u00e9tant aid\u00e9\u00a0! Actuellement Ils sont 43%\u00a0 \u00e0 avoir besoin un soutien pour la gestion de leur logement et seulement 17% \u00e0 faire appel \u00e0 quelqu\u2019un pour eux-m\u00eames.<\/p>\n<p style=\"text-align: justify;\">N\u2019est-il pas enfin temps d\u2019en d\u00e9coudre avec cette vision st\u00e9r\u00e9otyp\u00e9e des adultes \u00e2g\u00e9s<\/p>\n<p style=\"text-align: justify;\"><span style=\"color: #333333;\"><strong>\u00a0<a href=\"https:\/\/www.institut-solidaris.be\/wp-content\/uploads\/2017\/05\/Les80AnsEtPlus1.pdf\" target=\"_blank\" rel=\"noopener noreferrer\"><img decoding=\"async\" class=\"alignnone wp-image-112 size-full\" src=\"https:\/\/www.institut-solidaris.be\/wp-content\/uploads\/2015\/12\/icone-pdf.gif\" alt=\"Consulter notre enqu\u00eate\" width=\"32\" height=\"32\" \/><\/a><\/strong><a href=\"https:\/\/www.institut-solidaris.be\/wp-content\/uploads\/2017\/05\/Les80AnsEtPlus1.pdf\" target=\"_blank\" rel=\"noopener noreferrer\">Consulter l&rsquo;int\u00e9gralit\u00e9 de l&rsquo;enqu\u00eate<\/a><\/span><\/p>\n<p style=\"text-align: justify;\"><a href=\"https:\/\/www.youtube.com\/watch?v=36BjrUvd6xo\" target=\"_blank\" rel=\"noopener noreferrer\"><img decoding=\"async\" class=\"alignnone wp-image-448 size-full\" src=\"https:\/\/www.institut-solidaris.be\/wp-content\/uploads\/2015\/12\/youtube.gif\" alt=\"Visionner la vid\u00e9o\" width=\"32\" height=\"32\" \/><\/a><a href=\"https:\/\/www.youtube.com\/watch?v=36BjrUvd6xo\" target=\"_blank\" rel=\"noopener noreferrer\">Visionner la capsule vid\u00e9o<\/a><\/p>\n<p style=\"text-align: justify;\">Chez Solidaris nous pensons qu\u2019il est temps de leurs accorder une r\u00e9elle place et plus de reconnaissance. Cr\u00e9er des lieux de vie et de rencontres financi\u00e8rement accessibles \u00e0 tous et surtout, vraiment adapt\u00e9s \u00e0 leurs besoins et leurs envies.<\/p>\n<p style=\"text-align: justify;\">Et pourquoi pas, partager leur exp\u00e9rience pour pouvoir, nous aussi, vieillir dans les meilleures conditions. Car au final les + de 80 ans peuvent jouer un r\u00f4le actif dans la soci\u00e9t\u00e9.<\/p>\n<\/div><div class=\"fusion-clearfix\"><\/div><\/div><\/div><div class=\"fusion-layout-column fusion_builder_column fusion-builder-column-2 fusion_builder_column_1_2 1_2 fusion-one-half fusion-column-first\" style=\"--awb-bg-size:cover;width:48%; margin-right: 4%;\"><div class=\"fusion-column-wrapper fusion-flex-column-wrapper-legacy\"><div class=\"accordian fusion-accordian\" style=\"--awb-border-size:1px;--awb-icon-size:13px;--awb-content-font-size:13px;--awb-icon-alignment:left;--awb-hover-color:#f9f9f9;--awb-border-color:#cccccc;--awb-background-color:#ffffff;--awb-divider-color:#e0dede;--awb-divider-hover-color:#e0dede;--awb-icon-color:#ffffff;--awb-title-color:#0502d3;--awb-content-color:#000000;--awb-icon-box-color:#000000;--awb-toggle-hover-accent-color:#e41618;--awb-title-font-family:&quot;Antic Slab&quot;;--awb-title-font-weight:regular;--awb-title-font-style:normal;--awb-title-font-size:13px;--awb-content-font-family:Arial, Helvetica, sans-serif;--awb-content-font-style:normal;--awb-content-font-weight:400;\"><div class=\"panel-group fusion-toggle-icon-boxed\" id=\"accordion-1089-1\"><div class=\"fusion-panel panel-default panel-959f3a27b3798492b fusion-toggle-has-divider\"><div class=\"panel-heading\"><h4 class=\"panel-title toggle\" id=\"toggle_959f3a27b3798492b\"><a aria-expanded=\"false\" aria-controls=\"959f3a27b3798492b\" role=\"button\" data-toggle=\"collapse\" data-parent=\"#accordion-1089-1\" data-target=\"#959f3a27b3798492b\" href=\"#959f3a27b3798492b\"><span class=\"fusion-toggle-icon-wrapper\" aria-hidden=\"true\"><i class=\"fa-fusion-box active-icon awb-icon-minus\" aria-hidden=\"true\"><\/i><i class=\"fa-fusion-box inactive-icon awb-icon-plus\" aria-hidden=\"true\"><\/i><\/span><span class=\"fusion-toggle-heading\">Un moral particuli\u00e8rement bon<\/span><\/a><\/h4><\/div><div id=\"959f3a27b3798492b\" class=\"panel-collapse collapse \" aria-labelledby=\"toggle_959f3a27b3798492b\"><div class=\"panel-body toggle-content fusion-clearfix\">\n<p>Les personnes de 80 ans et + sont 40% \u00e0 d\u00e9clarer ne jamais se sentir anxieuses, angoiss\u00e9es ou en d\u00e9pression.<\/p>\n<p>Physiquement et mentalement, la forme est \u00e9galement au rendez-vous car, en moyenne, elles se donnent entre &#8211; 12 et &#8211; 14 ans d\u2019\u00e2ge \u00ab mental\u00a0\u00bb\u00a0 et \u2013 8 ans en \u00e2ge \u00ab\u00a0physique\u00a0\u00bb.<\/p>\n<p>Enfin c\u00f4t\u00e9 coeur, pour ce qui rel\u00e8ve des sentiments, 55% d\u00e9clarent avoir une vie amoureuse, sentimentale et affective \u00e9panouie.<\/p>\n<\/div><\/div><\/div><div class=\"fusion-panel panel-default panel-5a262bbeea258e96f fusion-toggle-has-divider\"><div class=\"panel-heading\"><h4 class=\"panel-title toggle\" id=\"toggle_5a262bbeea258e96f\"><a aria-expanded=\"false\" aria-controls=\"5a262bbeea258e96f\" role=\"button\" data-toggle=\"collapse\" data-parent=\"#accordion-1089-1\" data-target=\"#5a262bbeea258e96f\" href=\"#5a262bbeea258e96f\"><span class=\"fusion-toggle-icon-wrapper\" aria-hidden=\"true\"><i class=\"fa-fusion-box active-icon awb-icon-minus\" aria-hidden=\"true\"><\/i><i class=\"fa-fusion-box inactive-icon awb-icon-plus\" aria-hidden=\"true\"><\/i><\/span><span class=\"fusion-toggle-heading\">Famille, amis, les cl\u00e9s du bonheur<\/span><\/a><\/h4><\/div><div id=\"5a262bbeea258e96f\" class=\"panel-collapse collapse \" aria-labelledby=\"toggle_5a262bbeea258e96f\"><div class=\"panel-body toggle-content fusion-clearfix\">\n<p style=\"text-align: justify;\">Chez les 80 ans et +, 1 personne sur 2 vit seule et 22% sont encore en couple.<\/p>\n<p style=\"text-align: justify;\">L\u2019amiti\u00e9 joue toujours un r\u00f4le vraiment important car ils sont 2 sur 3 \u00e0 consid\u00e9rer qu\u2019ils ont de VRAIS amis. De plus, pas besoin d&rsquo;en avoir beaucoup, 1 seul ami suffit \u00e0 se sentir entour\u00e9.<\/p>\n<p style=\"text-align: justify;\">Le noyau familial a \u00e9galement son importance. Ils sont 70% \u00e0 passer du temps avec leurs enfants ou petits-enfants. Un tiers continue \u00e0 initier ou organiser des f\u00eates de familles.\u00a0 Pour ce qui est des activit\u00e9s, un quart voyage encore, joue \u00e0 des jeux de soci\u00e9t\u00e9, prend part \u00e0 une association ou un groupe de paroles.<\/p>\n<p style=\"text-align: justify;\">Bien entendu, ces chiffres d\u00e9croissent avec l\u2019\u00e2ge.<\/p>\n<p style=\"text-align: justify;\">Enfin, 1 sur 5 a adopt\u00e9 le virage num\u00e9rique, et est connect\u00e9 \u00e0 Internet.<\/p>\n<\/div><\/div><\/div><div class=\"fusion-panel panel-default panel-e886b6875d8ab4777 fusion-toggle-has-divider\"><div class=\"panel-heading\"><h4 class=\"panel-title toggle\" id=\"toggle_e886b6875d8ab4777\"><a aria-expanded=\"false\" aria-controls=\"e886b6875d8ab4777\" role=\"button\" data-toggle=\"collapse\" data-parent=\"#accordion-1089-1\" data-target=\"#e886b6875d8ab4777\" href=\"#e886b6875d8ab4777\"><span class=\"fusion-toggle-icon-wrapper\" aria-hidden=\"true\"><i class=\"fa-fusion-box active-icon awb-icon-minus\" aria-hidden=\"true\"><\/i><i class=\"fa-fusion-box inactive-icon awb-icon-plus\" aria-hidden=\"true\"><\/i><\/span><span class=\"fusion-toggle-heading\">Un r\u00e9el rejet des maisons de repos<\/span><\/a><\/h4><\/div><div id=\"e886b6875d8ab4777\" class=\"panel-collapse collapse \" aria-labelledby=\"toggle_e886b6875d8ab4777\"><div class=\"panel-body toggle-content fusion-clearfix\">\n<p style=\"text-align: justify;\">Alors que 57% des personnes interrog\u00e9es d\u00e9clarent ne pas craindre de vieillir, elles sont 73% \u00e0 avoir fait part de fortes inqui\u00e9tudes \u00e0 l\u2019id\u00e9e de souffrir de la maladie d\u2019Alzheimer et de perdre la m\u00e9moire.<\/p>\n<p style=\"text-align: justify;\">S\u2019ensuit la crainte vis-\u00e0-vis de la perte de d\u00e9pendance pour 68%. Alors que 40 % n\u2019ont pas besoin d\u2019appui ext\u00e9rieur, 43% font appel \u00e0 des aides quotidiennes pour le m\u00e9nage ou les repas. Par ailleurs, la perte de d\u00e9pendance est rarement anticip\u00e9e, et,\u00a0 42 % rejettent\u00a0 cat\u00e9goriquement l\u2019id\u00e9e de vivre en maison de repos. En somme, les 80 ans et + r\u00e9clament plut\u00f4t\u00a0 le droit de pouvoir continuer \u00e0 vivre dans leur maison mais en \u00e9tant aid\u00e9s en cons\u00e9quence.<\/p>\n<\/div><\/div><\/div><\/div><\/div><div class=\"fusion-clearfix\"><\/div><\/div><\/div><div class=\"fusion-layout-column fusion_builder_column fusion-builder-column-3 fusion_builder_column_1_2 1_2 fusion-one-half fusion-column-last\" style=\"--awb-bg-size:cover;width:48%;\"><div class=\"fusion-column-wrapper fusion-flex-column-wrapper-legacy\"><div class=\"fusion-title title fusion-title-1 fusion-title-text fusion-title-size-two\" style=\"--awb-margin-top-small:0px;--awb-margin-right-small:0px;--awb-margin-bottom-small:20px;--awb-margin-left-small:0px;\"><h2 class=\"fusion-title-heading title-heading-left\" style=\"margin:0;\">En chiffres<\/h2><span class=\"awb-title-spacer\"><\/span><div class=\"title-sep-container\"><div class=\"title-sep sep-double sep-solid\" style=\"border-color:#e0dede;\"><\/div><\/div><\/div><div class=\"fusion-progressbar\" style=\"--awb-textcolor:#000000;--awb-filledcolor:#e41618;--awb-filledbordercolor:#e41618;--awb-maximum-value-wrapper-width:14%;\"><div class=\"fusion-progressbar-bar progress-bar\"><div class=\"progress progress-bar-content not-animated\" role=\"progressbar\" aria-labelledby=\"awb-progressbar-label-1\" aria-valuemin=\"0\" aria-valuemax=\"100\" aria-valuenow=\"86\" data-filling-speed=\"600\"><span class=\"progress-title awb-on-bar\"><span class=\"fusion-progressbar-text\" id=\"awb-progressbar-label-1\">Ils consid\u00e8rent leur vie comme \u00e9tant satisfaisante. <\/span> <span class=\"fusion-progressbar-value\">86%<\/span><\/span><\/div><span class=\"awb-pb-max-value-wrap awb-on-bar\"><span class=\"awb-pb-max-value-text\"><\/span><\/span><\/div><\/div><div class=\"fusion-progressbar\" style=\"--awb-textcolor:#000000;--awb-filledcolor:#e41618;--awb-filledbordercolor:#e41618;--awb-maximum-value-wrapper-width:60%;\"><div class=\"fusion-progressbar-bar progress-bar\"><div class=\"progress progress-bar-content not-animated\" role=\"progressbar\" aria-labelledby=\"awb-progressbar-label-2\" aria-valuemin=\"0\" aria-valuemax=\"100\" aria-valuenow=\"40\" data-filling-speed=\"600\"><span class=\"progress-title awb-on-bar\"><span class=\"fusion-progressbar-text\" id=\"awb-progressbar-label-2\">Ils vivent toujours \u00e0 la maison, chez eux, sans aucun aide ext\u00e9rieure. <\/span> <span class=\"fusion-progressbar-value\">40%<\/span><\/span><\/div><span class=\"awb-pb-max-value-wrap awb-on-bar\"><span class=\"awb-pb-max-value-text\"><\/span><\/span><\/div><\/div><div class=\"fusion-progressbar\" style=\"--awb-textcolor:#000000;--awb-filledcolor:#e41618;--awb-filledbordercolor:#e41618;--awb-maximum-value-wrapper-width:80%;\"><div class=\"fusion-progressbar-bar progress-bar\"><div class=\"progress progress-bar-content not-animated\" role=\"progressbar\" aria-labelledby=\"awb-progressbar-label-3\" aria-valuemin=\"0\" aria-valuemax=\"100\" aria-valuenow=\"20\" data-filling-speed=\"600\"><span class=\"progress-title awb-on-bar\"><span class=\"fusion-progressbar-text\" id=\"awb-progressbar-label-3\">Ils vivent dans une institution pour personnes \u00e2g\u00e9es (maison de repos, seniorie, &#8230;). <\/span> <span class=\"fusion-progressbar-value\">20%<\/span><\/span><\/div><span class=\"awb-pb-max-value-wrap awb-on-bar\"><span class=\"awb-pb-max-value-text\"><\/span><\/span><\/div><\/div><div class=\"fusion-progressbar\" style=\"--awb-textcolor:#000000;--awb-filledcolor:#e41618;--awb-filledbordercolor:#e41618;--awb-maximum-value-wrapper-width:27%;\"><div class=\"fusion-progressbar-bar progress-bar\"><div class=\"progress progress-bar-content not-animated\" role=\"progressbar\" aria-labelledby=\"awb-progressbar-label-4\" aria-valuemin=\"0\" aria-valuemax=\"100\" aria-valuenow=\"73\" data-filling-speed=\"600\"><span class=\"progress-title awb-on-bar\"><span class=\"fusion-progressbar-text\" id=\"awb-progressbar-label-4\">Ils se consid\u00e8rent comme appartenant \u00e0 une \u00ab\u00a0g\u00e9n\u00e9ration privil\u00e9gi\u00e9e\u00a0\u00bb.<\/span> <span class=\"fusion-progressbar-value\">73%<\/span><\/span><\/div><span class=\"awb-pb-max-value-wrap awb-on-bar\"><span class=\"awb-pb-max-value-text\"><\/span><\/span><\/div><\/div><div class=\"fusion-progressbar\" style=\"--awb-textcolor:#000000;--awb-filledcolor:#e41618;--awb-filledbordercolor:#e41618;--awb-maximum-value-wrapper-width:65%;\"><div class=\"fusion-progressbar-bar progress-bar\"><div class=\"progress progress-bar-content not-animated\" role=\"progressbar\" aria-labelledby=\"awb-progressbar-label-5\" aria-valuemin=\"0\" aria-valuemax=\"100\" aria-valuenow=\"35\" data-filling-speed=\"600\"><span class=\"progress-title awb-on-bar\"><span class=\"fusion-progressbar-text\" id=\"awb-progressbar-label-5\">Ils trouvent que la d\u00e9mocratie fonctionne encore bien.<\/span> <span class=\"fusion-progressbar-value\">35%<\/span><\/span><\/div><span class=\"awb-pb-max-value-wrap awb-on-bar\"><span class=\"awb-pb-max-value-text\"><\/span><\/span><\/div><\/div><div class=\"fusion-progressbar\" style=\"--awb-textcolor:#000000;--awb-filledcolor:#e41618;--awb-filledbordercolor:#e41618;--awb-maximum-value-wrapper-width:22%;\"><div class=\"fusion-progressbar-bar progress-bar\"><div class=\"progress progress-bar-content not-animated\" role=\"progressbar\" aria-labelledby=\"awb-progressbar-label-6\" aria-valuemin=\"0\" aria-valuemax=\"100\" aria-valuenow=\"78\" data-filling-speed=\"600\"><span class=\"progress-title awb-on-bar\"><span class=\"fusion-progressbar-text\" id=\"awb-progressbar-label-6\">Ils sont, dans les faits, favorables \u00e0 l&rsquo;euthanasie.<\/span> <span class=\"fusion-progressbar-value\">78%<\/span><\/span><\/div><span class=\"awb-pb-max-value-wrap awb-on-bar\"><span class=\"awb-pb-max-value-text\"><\/span><\/span><\/div><\/div><div class=\"fusion-clearfix\"><\/div><\/div><\/div><\/div><\/div>\n","protected":false},"excerpt":{"rendered":"","protected":false},"author":2,"featured_media":0,"parent":0,"menu_order":0,"comment_status":"closed","ping_status":"closed","template":"","meta":{"footnotes":""},"class_list":["post-1089","page","type-page","status-publish","hentry"],"_links":{"self":[{"href":"https:\/\/www.institut-solidaris.be\/index.php\/wp-json\/wp\/v2\/pages\/1089","targetHints":{"allow":["GET"]}}],"collection":[{"href":"https:\/\/www.institut-solidaris.be\/index.php\/wp-json\/wp\/v2\/pages"}],"about":[{"href":"https:\/\/www.institut-solidaris.be\/index.php\/wp-json\/wp\/v2\/types\/page"}],"author":[{"embeddable":true,"href":"https:\/\/www.institut-solidaris.be\/index.php\/wp-json\/wp\/v2\/users\/2"}],"replies":[{"embeddable":true,"href":"https:\/\/www.institut-solidaris.be\/index.php\/wp-json\/wp\/v2\/comments?post=1089"}],"version-history":[{"count":48,"href":"https:\/\/www.institut-solidaris.be\/index.php\/wp-json\/wp\/v2\/pages\/1089\/revisions"}],"predecessor-version":[{"id":1937,"href":"https:\/\/www.institut-solidaris.be\/index.php\/wp-json\/wp\/v2\/pages\/1089\/revisions\/1937"}],"wp:attachment":[{"href":"https:\/\/www.institut-solidaris.be\/index.php\/wp-json\/wp\/v2\/media?parent=1089"}],"curies":[{"name":"wp","href":"https:\/\/api.w.org\/{rel}","templated":true}]}}