{"id":1018,"date":"2017-04-04T11:35:34","date_gmt":"2017-04-04T10:35:34","guid":{"rendered":"https:\/\/www.institut-solidaris.be\/?page_id=1018"},"modified":"2019-12-16T11:04:26","modified_gmt":"2019-12-16T10:04:26","slug":"enquete-contraception","status":"publish","type":"page","link":"https:\/\/www.institut-solidaris.be\/index.php\/enquete-contraception\/","title":{"rendered":"Grande enqu\u00eate Contraception"},"content":{"rendered":"<div class=\"fusion-fullwidth fullwidth-box fusion-builder-row-1 nonhundred-percent-fullwidth non-hundred-percent-height-scrolling\" style=\"--awb-background-position:left top;--awb-border-radius-top-left:0px;--awb-border-radius-top-right:0px;--awb-border-radius-bottom-right:0px;--awb-border-radius-bottom-left:0px;--awb-padding-top:20px;--awb-padding-bottom:20px;--awb-border-sizes-top:0px;--awb-border-sizes-bottom:0px;--awb-flex-wrap:wrap;\" ><div class=\"fusion-builder-row fusion-row\"><div class=\"fusion-layout-column fusion_builder_column fusion-builder-column-0 fusion_builder_column_1_2 1_2 fusion-one-half fusion-column-first\" style=\"--awb-bg-size:cover;width:48%; margin-right: 4%;\"><div class=\"fusion-column-wrapper fusion-flex-column-wrapper-legacy\"><div class=\"fusion-slider-sc fusion-flexslider-loading flexslider flexslider-hover-type-none\" data-slideshow_autoplay=\"1\" data-slideshow_smooth_height=\"0\" data-slideshow_speed=\"7000\" style=\"max-width:100%;height:100%;\"><ul class=\"slides\"><li class=\"image\"><span class=\"fusion-image-hover-element hover-type-none\"><img decoding=\"async\" src=\"https:\/\/www.institut-solidaris.be\/wp-content\/uploads\/2017\/04\/ImageCarousel_Contraception_600x3501.jpg\" width=\"600\" height=\"350\" \/><\/span><\/li><\/ul><\/div><div class=\"fusion-clearfix\"><\/div><\/div><\/div><div class=\"fusion-layout-column fusion_builder_column fusion-builder-column-1 fusion_builder_column_1_2 1_2 fusion-one-half fusion-column-last\" style=\"--awb-bg-size:cover;width:48%;\"><div class=\"fusion-column-wrapper fusion-flex-column-wrapper-legacy\"><div class=\"fusion-text fusion-text-1\"><h2 style=\"text-align: justify;\"><strong>Entre l&rsquo;adolescence et l&rsquo;\u00e2ge adulte, les habitudes contraceptives \u00e9voluent<br \/>\n<\/strong><\/h2>\n<p style=\"text-align: justify;\"><strong>Alors qu&rsquo;il aura fallu attendre 1973 pour que soient autoris\u00e9es, en Belgique, la prescription et la publicit\u00e9 pour la contraception, il existe aujourd&rsquo;hui une multitude de m\u00e9thodes contraceptives, certaines plus connues que d&rsquo;autres.<\/strong><\/p>\n<p style=\"text-align: justify;\">Comment sont-elles v\u00e9cues et utilis\u00e9es par les gens ? Quels rapports homme\/femme sont \u00e0 l&rsquo;oeuvre en mati\u00e8re de contraception ? Apr\u00e8s une premi\u00e8re enqu\u00eate men\u00e9e par Solidaris en 2010, l&rsquo;Institut Solidaris, en collaboration avec la F\u00e9d\u00e9ration des centres de planning familial des FPS, a interrog\u00e9 en 2017 plus de 4600 personnes sur la contraception f\u00e9minine et masculine en Wallonie et \u00e0 Bruxelles.<\/p>\n<p style=\"text-align: justify;\">Quelles \u00e9volutions notables sont \u00e0 remarquer 7 ans plus tard ?<\/p>\n<p style=\"text-align: justify;\">Alors que l&rsquo;on note une augmentation de la connaissance des m\u00e9thodes telles que le patch (+6 points) , l&rsquo;implant (+14 points)\u00a0 et le pr\u00e9servatif f\u00e9minin (+8 points), la satisfaction g\u00e9n\u00e9rale du pr\u00e9servatif masculin et de la pilule, a tendance \u00e0 diminuer, respectivement de -12 points et -6 points, par rapport \u00e0 2010. En 2017, les femmes sont 48 % \u00e0 avoir chang\u00e9 de contraception.<\/p>\n<p style=\"text-align: justify;\">Notons que \u00be des femmes qui disent utiliser un contraceptif entre 14 et 20 ans utilisent la pilule alors qu\u2019apr\u00e8s 40 ans, le st\u00e9rilet (41%) d\u00e9passe cette derni\u00e8re (39%) comme premier moyen de contraception.<\/p>\n<p style=\"text-align: justify;\">La contraception est l&rsquo;affaire de tous et toutes. Or, elle est encore trop souvent prise en charge uniquement par les femmes. M\u00eame si 80% des femmes interrog\u00e9es d\u00e9clarent discuter de contraception au sein du couple, elles ne sont plus que 53 % \u00e0 baser leur choix sur une d\u00e9cision commune. Pour 77 % des femmes, le gyn\u00e9cologue est la premi\u00e8re personne qui les conseille. Pour les hommes, cette personne n&rsquo;est autre que &#8230; la partenaire, pour 37% d&rsquo;entre eux.<br \/>\nEn mati\u00e8re d&rsquo;implication, 33% des femmes consid\u00e8rent les hommes comme hautement concern\u00e9s par la contraception au sein du couple alors que eux sont 50% \u00e0 se d\u00e9clarer comme tr\u00e8s impliqu\u00e9s. Toutefois, plus ils sont jeunes plus ils estiment\u00a0 que leur implication est importante.<\/p>\n<p style=\"text-align: justify;\">Alors que la pilule, le st\u00e9rilet et le pr\u00e9servatif masculin restent les trois premiers moyens cit\u00e9s, la commercialisation de m\u00e9thodes telles que la pilule masculine pourrait int\u00e9resser pr\u00e8s de 40% des hommes interrog\u00e9s. La principale raison \u00e9voqu\u00e9e dans ce cas-l\u00e0 (51,7%) \u00e9tant qu&rsquo;ainsi les deux partenaires seraient pleinement impliqu\u00e9s.<\/p>\n<p style=\"text-align: justify;\">Or, cette commercialisation tarde \u00e0 voir le jour, notamment en raison des effets secondaires qu&rsquo;entra\u00eenent ce type de m\u00e9thode. Une raison quelque peu \u00e9trange quand les effets secondaires annonc\u00e9s (acn\u00e9, migraines, changements d&rsquo;humeur, modification de la libido, &#8230;) sont les m\u00eames, ou presque, que ceux de la pilule f\u00e9minine.<\/p>\n<p style=\"text-align: justify;\">Les r\u00e9sultats de cette enqu\u00eate viennent quelque peu \u00e9tayer ce propos car ils r\u00e9v\u00e8lent que la crainte des effets secondaires des m\u00e9thodes contraceptives\u00a0 a augment\u00e9 de 24 points par rapport \u00e0 2010.\u00a0 Le caract\u00e8re nocif pour la sant\u00e9 est quant \u00e0 lui, de plus en plus signifi\u00e9, soit +16 points par rapport \u00e0 2010. Actuellement, les femmes sont 56% \u00e0 \u00eatre inqui\u00e8tes de la composition hormonale de certains contraceptifs.<\/p>\n<p style=\"text-align: justify;\">Dans uns soci\u00e9t\u00e9\u00a0 o\u00f9 libert\u00e9s, \u00e9mancipations et \u00e9galit\u00e9s homme\/femme sont de plus en plus questionn\u00e9es, la place de la contraception devient ind\u00e9niablement centrale. Sensibiliser, \u00e9duquer et faciliter son acc\u00e8s devient plus qu&rsquo;essentiel.<\/p>\n<p style=\"text-align: justify;\"><a href=\"https:\/\/www.institut-solidaris.be\/wp-content\/uploads\/2017\/04\/Contraception-2017_FINAL.pdf\" target=\"_blank\" rel=\"noopener noreferrer\"><img decoding=\"async\" class=\"alignleft wp-image-112 size-full\" src=\"https:\/\/www.institut-solidaris.be\/wp-content\/uploads\/2015\/12\/icone-pdf.gif\" alt=\"Consulter l'int\u00e9gralit\u00e9 de l'enqu\u00eate\" width=\"32\" height=\"32\" \/><\/a><a href=\"https:\/\/www.institut-solidaris.be\/wp-content\/uploads\/2017\/04\/Contraception-2017_FINAL.pdf\" target=\"_blank\" rel=\"noopener noreferrer\">Consulter notre enqu\u00eate<\/a><\/p>\n<\/div><div class=\"fusion-clearfix\"><\/div><\/div><\/div><div class=\"fusion-layout-column fusion_builder_column fusion-builder-column-2 fusion_builder_column_1_1 1_1 fusion-one-full fusion-column-first fusion-column-last fusion-column-no-min-height\" style=\"--awb-bg-size:cover;--awb-margin-bottom:0px;\"><div class=\"fusion-column-wrapper fusion-flex-column-wrapper-legacy\"><div class=\"fusion-title title fusion-title-1 fusion-title-text fusion-title-size-two\" style=\"--awb-margin-top-small:0px;--awb-margin-right-small:0px;--awb-margin-bottom-small:20px;--awb-margin-left-small:0px;\"><h2 class=\"fusion-title-heading title-heading-left\" style=\"margin:0;\">En chiffres<\/h2><span class=\"awb-title-spacer\"><\/span><div class=\"title-sep-container\"><div class=\"title-sep sep-double sep-solid\" style=\"border-color:#e0dede;\"><\/div><\/div><\/div><div class=\"fusion-clearfix\"><\/div><\/div><\/div><div class=\"fusion-layout-column fusion_builder_column fusion-builder-column-3 fusion_builder_column_1_2 1_2 fusion-one-half fusion-column-first\" style=\"--awb-bg-size:cover;width:48%; margin-right: 4%;\"><div class=\"fusion-column-wrapper fusion-flex-column-wrapper-legacy\"><div class=\"fusion-progressbar\" style=\"--awb-textcolor:#000000;--awb-filledcolor:#ffffff;--awb-unfilledcolor:#ffffff;--awb-filledbordercolor:#ffffff;--awb-maximum-value-wrapper-width:80%;\"><div class=\"fusion-progressbar-bar progress-bar\"><div class=\"progress progress-bar-content not-animated\" role=\"progressbar\" aria-labelledby=\"awb-progressbar-label-1\" aria-valuemin=\"0\" aria-valuemax=\"100\" aria-valuenow=\"20\" data-filling-speed=\"600\"><span class=\"progress-title awb-on-bar\"><span class=\"fusion-progressbar-text\" id=\"awb-progressbar-label-1\">Comparatifs entre <\/span> <span class=\"fusion-progressbar-value\">2010 et 2017<\/span><\/span><\/div><span class=\"awb-pb-max-value-wrap awb-on-bar\"><span class=\"awb-pb-max-value-text\"><\/span><\/span><\/div><\/div><div class=\"fusion-progressbar\" style=\"--awb-textcolor:#000000;--awb-filledcolor:#e41618;--awb-filledbordercolor:#e41618;--awb-maximum-value-wrapper-width:94%;\"><div class=\"fusion-progressbar-bar progress-bar\"><div class=\"progress progress-bar-content not-animated\" role=\"progressbar\" aria-labelledby=\"awb-progressbar-label-2\" aria-valuemin=\"0\" aria-valuemax=\"100\" aria-valuenow=\"6\" data-filling-speed=\"600\"><span class=\"progress-title awb-on-bar\"><span class=\"fusion-progressbar-text\" id=\"awb-progressbar-label-2\">La satisfaction g\u00e9n\u00e9rale concernant la pilule diminue par rapport \u00e0 2010. &#8211;<\/span> <span class=\"fusion-progressbar-value\">6 points<\/span><\/span><\/div><span class=\"awb-pb-max-value-wrap awb-on-bar\"><span class=\"awb-pb-max-value-text\"><\/span><\/span><\/div><\/div><div class=\"fusion-progressbar\" style=\"--awb-textcolor:#000000;--awb-filledcolor:#e41618;--awb-filledbordercolor:#e41618;--awb-maximum-value-wrapper-width:79%;\"><div class=\"fusion-progressbar-bar progress-bar\"><div class=\"progress progress-bar-content not-animated\" role=\"progressbar\" aria-labelledby=\"awb-progressbar-label-3\" aria-valuemin=\"0\" aria-valuemax=\"100\" aria-valuenow=\"21\" data-filling-speed=\"600\"><span class=\"progress-title awb-on-bar\"><span class=\"fusion-progressbar-text\" id=\"awb-progressbar-label-3\">Les changements de types de contraception sont plus importants. +<\/span> <span class=\"fusion-progressbar-value\">21 points<\/span><\/span><\/div><span class=\"awb-pb-max-value-wrap awb-on-bar\"><span class=\"awb-pb-max-value-text\"><\/span><\/span><\/div><\/div><div class=\"fusion-progressbar\" style=\"--awb-textcolor:#000000;--awb-filledcolor:#e41618;--awb-filledbordercolor:#e41618;--awb-maximum-value-wrapper-width:84%;\"><div class=\"fusion-progressbar-bar progress-bar\"><div class=\"progress progress-bar-content not-animated\" role=\"progressbar\" aria-labelledby=\"awb-progressbar-label-4\" aria-valuemin=\"0\" aria-valuemax=\"100\" aria-valuenow=\"16\" data-filling-speed=\"600\"><span class=\"progress-title awb-on-bar\"><span class=\"fusion-progressbar-text\" id=\"awb-progressbar-label-4\">Le sentiment que les contraceptifs sont nocifs pour la sant\u00e9, rendant leur utilisation contraignante, est plus partag\u00e9. +<\/span> <span class=\"fusion-progressbar-value\">16 points<\/span><\/span><\/div><span class=\"awb-pb-max-value-wrap awb-on-bar\"><span class=\"awb-pb-max-value-text\"><\/span><\/span><\/div><\/div><div class=\"fusion-progressbar\" style=\"--awb-textcolor:#000000;--awb-filledcolor:#e41618;--awb-filledbordercolor:#e41618;--awb-maximum-value-wrapper-width:88%;\"><div class=\"fusion-progressbar-bar progress-bar\"><div class=\"progress progress-bar-content not-animated\" role=\"progressbar\" aria-labelledby=\"awb-progressbar-label-5\" aria-valuemin=\"0\" aria-valuemax=\"100\" aria-valuenow=\"12\" data-filling-speed=\"600\"><span class=\"progress-title awb-on-bar\"><span class=\"fusion-progressbar-text\" id=\"awb-progressbar-label-5\">En 2017, la satisfaction g\u00e9n\u00e9rale concernant le pr\u00e9servatif masculin diminue par rapport \u00e0 2010. &#8211;<\/span> <span class=\"fusion-progressbar-value\">12 points<\/span><\/span><\/div><span class=\"awb-pb-max-value-wrap awb-on-bar\"><span class=\"awb-pb-max-value-text\"><\/span><\/span><\/div><\/div><div class=\"fusion-progressbar\" style=\"--awb-textcolor:#000000;--awb-filledcolor:#e41618;--awb-filledbordercolor:#e41618;--awb-maximum-value-wrapper-width:76%;\"><div class=\"fusion-progressbar-bar progress-bar\"><div class=\"progress progress-bar-content not-animated\" role=\"progressbar\" aria-labelledby=\"awb-progressbar-label-6\" aria-valuemin=\"0\" aria-valuemax=\"100\" aria-valuenow=\"24\" data-filling-speed=\"600\"><span class=\"progress-title awb-on-bar\"><span class=\"fusion-progressbar-text\" id=\"awb-progressbar-label-6\">Les effets secondaires des moyens de contraception sont plus cit\u00e9s comme \u00e9tant de r\u00e9elles contraintes \u00e0 leur utilisation. +<\/span> <span class=\"fusion-progressbar-value\">24 points<\/span><\/span><\/div><span class=\"awb-pb-max-value-wrap awb-on-bar\"><span class=\"awb-pb-max-value-text\"><\/span><\/span><\/div><\/div><div class=\"fusion-clearfix\"><\/div><\/div><\/div><div class=\"fusion-layout-column fusion_builder_column fusion-builder-column-4 fusion_builder_column_1_2 1_2 fusion-one-half fusion-column-last\" style=\"--awb-bg-size:cover;width:48%;\"><div class=\"fusion-column-wrapper fusion-flex-column-wrapper-legacy\"><div class=\"fusion-progressbar\" style=\"--awb-textcolor:#000000;--awb-filledcolor:#ffffff;--awb-unfilledcolor:#ffffff;--awb-filledbordercolor:#ffffff;--awb-maximum-value-wrapper-width:80%;\"><div class=\"fusion-progressbar-bar progress-bar\"><div class=\"progress progress-bar-content not-animated\" role=\"progressbar\" aria-labelledby=\"awb-progressbar-label-7\" aria-valuemin=\"0\" aria-valuemax=\"100\" aria-valuenow=\"20\" data-filling-speed=\"600\"><span class=\"progress-title awb-on-bar\"><span class=\"fusion-progressbar-text\" id=\"awb-progressbar-label-7\">R\u00e9sultats de l&rsquo;enqu\u00eate <\/span> <span class=\"fusion-progressbar-value\">2017<\/span><\/span><\/div><span class=\"awb-pb-max-value-wrap awb-on-bar\"><span class=\"awb-pb-max-value-text\"><\/span><\/span><\/div><\/div><div class=\"fusion-progressbar\" style=\"--awb-textcolor:#000000;--awb-filledcolor:#e41618;--awb-filledbordercolor:#e41618;--awb-maximum-value-wrapper-width:67%;\"><div class=\"fusion-progressbar-bar progress-bar\"><div class=\"progress progress-bar-content not-animated\" role=\"progressbar\" aria-labelledby=\"awb-progressbar-label-8\" aria-valuemin=\"0\" aria-valuemax=\"100\" aria-valuenow=\"33\" data-filling-speed=\"600\"><span class=\"progress-title awb-on-bar\"><span class=\"fusion-progressbar-text\" id=\"awb-progressbar-label-8\">En tant que femme, je consid\u00e8re mon partenaire comme hautement impliqu\u00e9 dans la contraception au sein du couple. <\/span> <span class=\"fusion-progressbar-value\">33%<\/span><\/span><\/div><span class=\"awb-pb-max-value-wrap awb-on-bar\"><span class=\"awb-pb-max-value-text\"><\/span><\/span><\/div><\/div><div class=\"fusion-progressbar\" style=\"--awb-textcolor:#000000;--awb-filledcolor:#e41618;--awb-filledbordercolor:#e41618;--awb-maximum-value-wrapper-width:16%;\"><div class=\"fusion-progressbar-bar progress-bar\"><div class=\"progress progress-bar-content not-animated\" role=\"progressbar\" aria-labelledby=\"awb-progressbar-label-9\" aria-valuemin=\"0\" aria-valuemax=\"100\" aria-valuenow=\"84\" data-filling-speed=\"600\"><span class=\"progress-title awb-on-bar\"><span class=\"fusion-progressbar-text\" id=\"awb-progressbar-label-9\">En tant qu&rsquo;homme, je consid\u00e8re ma partenaire comme hautement impliqu\u00e9e dans la contraception au sein du couple. <\/span> <span class=\"fusion-progressbar-value\">84%<\/span><\/span><\/div><span class=\"awb-pb-max-value-wrap awb-on-bar\"><span class=\"awb-pb-max-value-text\"><\/span><\/span><\/div><\/div><div class=\"fusion-progressbar\" style=\"--awb-textcolor:#000000;--awb-filledcolor:#e41618;--awb-filledbordercolor:#e41618;--awb-maximum-value-wrapper-width:26%;\"><div class=\"fusion-progressbar-bar progress-bar\"><div class=\"progress progress-bar-content not-animated\" role=\"progressbar\" aria-labelledby=\"awb-progressbar-label-10\" aria-valuemin=\"0\" aria-valuemax=\"100\" aria-valuenow=\"74\" data-filling-speed=\"600\"><span class=\"progress-title awb-on-bar\"><span class=\"fusion-progressbar-text\" id=\"awb-progressbar-label-10\">Il est facile de discuter de contraception au sein du couple.<\/span> <span class=\"fusion-progressbar-value\">74%<\/span><\/span><\/div><span class=\"awb-pb-max-value-wrap awb-on-bar\"><span class=\"awb-pb-max-value-text\"><\/span><\/span><\/div><\/div><div class=\"fusion-progressbar\" style=\"--awb-textcolor:#000000;--awb-filledcolor:#e41618;--awb-filledbordercolor:#e41618;--awb-maximum-value-wrapper-width:50%;\"><div class=\"fusion-progressbar-bar progress-bar\"><div class=\"progress progress-bar-content not-animated\" role=\"progressbar\" aria-labelledby=\"awb-progressbar-label-11\" aria-valuemin=\"0\" aria-valuemax=\"100\" aria-valuenow=\"50\" data-filling-speed=\"600\"><span class=\"progress-title awb-on-bar\"><span class=\"fusion-progressbar-text\" id=\"awb-progressbar-label-11\">La composition hormonale de certains moyens contraceptifs m\u2019inqui\u00e8te.<\/span> <span class=\"fusion-progressbar-value\">50%<\/span><\/span><\/div><span class=\"awb-pb-max-value-wrap awb-on-bar\"><span class=\"awb-pb-max-value-text\"><\/span><\/span><\/div><\/div><div class=\"fusion-progressbar\" style=\"--awb-textcolor:#000000;--awb-filledcolor:#e41618;--awb-filledbordercolor:#e41618;--awb-maximum-value-wrapper-width:60%;\"><div class=\"fusion-progressbar-bar progress-bar\"><div class=\"progress progress-bar-content not-animated\" role=\"progressbar\" aria-labelledby=\"awb-progressbar-label-12\" aria-valuemin=\"0\" aria-valuemax=\"100\" aria-valuenow=\"40\" data-filling-speed=\"600\"><span class=\"progress-title awb-on-bar\"><span class=\"fusion-progressbar-text\" id=\"awb-progressbar-label-12\">En tant qu&rsquo;homme je suis dispos\u00e9 \u00e0 prendre une pilule masculine si elle est commercialis\u00e9e.<\/span> <span class=\"fusion-progressbar-value\">40%<\/span><\/span><\/div><span class=\"awb-pb-max-value-wrap awb-on-bar\"><span class=\"awb-pb-max-value-text\"><\/span><\/span><\/div><\/div><div class=\"fusion-progressbar\" style=\"--awb-textcolor:#000000;--awb-filledcolor:#e41618;--awb-filledbordercolor:#e41618;--awb-maximum-value-wrapper-width:32%;\"><div class=\"fusion-progressbar-bar progress-bar\"><div class=\"progress progress-bar-content not-animated\" role=\"progressbar\" aria-labelledby=\"awb-progressbar-label-13\" aria-valuemin=\"0\" aria-valuemax=\"100\" aria-valuenow=\"68\" data-filling-speed=\"600\"><span class=\"progress-title awb-on-bar\"><span class=\"fusion-progressbar-text\" id=\"awb-progressbar-label-13\">La contraception permet une libert\u00e9 sexuelle qui est indispensable \u00e0 l\u2019\u00e9galit\u00e9 femme-homme.<\/span> <span class=\"fusion-progressbar-value\">68%<\/span><\/span><\/div><span class=\"awb-pb-max-value-wrap awb-on-bar\"><span class=\"awb-pb-max-value-text\"><\/span><\/span><\/div><\/div><div class=\"fusion-clearfix\"><\/div><\/div><\/div><div class=\"fusion-layout-column fusion_builder_column fusion-builder-column-5 fusion_builder_column_1_2 1_2 fusion-one-half fusion-column-first\" style=\"--awb-bg-size:cover;width:48%; margin-right: 4%;\"><div class=\"fusion-column-wrapper fusion-flex-column-wrapper-legacy\"><div class=\"fusion-clearfix\"><\/div><\/div><\/div><\/div><\/div>\n","protected":false},"excerpt":{"rendered":"","protected":false},"author":2,"featured_media":0,"parent":0,"menu_order":0,"comment_status":"closed","ping_status":"closed","template":"","meta":{"footnotes":""},"class_list":["post-1018","page","type-page","status-publish","hentry"],"_links":{"self":[{"href":"https:\/\/www.institut-solidaris.be\/index.php\/wp-json\/wp\/v2\/pages\/1018","targetHints":{"allow":["GET"]}}],"collection":[{"href":"https:\/\/www.institut-solidaris.be\/index.php\/wp-json\/wp\/v2\/pages"}],"about":[{"href":"https:\/\/www.institut-solidaris.be\/index.php\/wp-json\/wp\/v2\/types\/page"}],"author":[{"embeddable":true,"href":"https:\/\/www.institut-solidaris.be\/index.php\/wp-json\/wp\/v2\/users\/2"}],"replies":[{"embeddable":true,"href":"https:\/\/www.institut-solidaris.be\/index.php\/wp-json\/wp\/v2\/comments?post=1018"}],"version-history":[{"count":64,"href":"https:\/\/www.institut-solidaris.be\/index.php\/wp-json\/wp\/v2\/pages\/1018\/revisions"}],"predecessor-version":[{"id":1898,"href":"https:\/\/www.institut-solidaris.be\/index.php\/wp-json\/wp\/v2\/pages\/1018\/revisions\/1898"}],"wp:attachment":[{"href":"https:\/\/www.institut-solidaris.be\/index.php\/wp-json\/wp\/v2\/media?parent=1018"}],"curies":[{"name":"wp","href":"https:\/\/api.w.org\/{rel}","templated":true}]}}